{"id":7,"date":"2017-04-24T13:33:02","date_gmt":"2017-04-24T13:33:02","guid":{"rendered":"https:\/\/connysdesign.de\/?page_id=7"},"modified":"2025-08-24T00:44:44","modified_gmt":"2025-08-23T22:44:44","slug":"startseite","status":"publish","type":"page","link":"https:\/\/connysdesign.de\/","title":{"rendered":"Startseite"},"content":{"rendered":"<h5>Herzlich willkommen!<\/h5>\n<hr \/>\n<p>Webdesign im Kundenauftrag umfasst die kompetente und zuverl\u00e4ssige Erstellung und Pflege von Websites im World Wide Web.<\/p>\n<p>Layout und Design, also Gestaltung, Aufbau und Netzf\u00fchrung sind neben Textgestaltung und\/oder Korrektur vorhandener Prospektinhalte und deren \u00dcberarbeitung nach Ausdruck, Stil und Lesefluss Basisaufgaben der Webagentur, aber auch das Platzieren von Grafiken auf der Basis von Pr\u00e4sentationen aus dem Kundenbestand des Auftraggebers.<\/p>\n<p>Corporate Design unter Wahrung der Corporate Identity und sinnvolles Interfacedesign sind Hauptelemente der Internetpr\u00e4senz.<\/p>\n<p>Eine gute Website dient der ergebnisorientierten Werbung und sollte zeitgem\u00e4\u00df sein und optimiert f\u00fcr die Darstellung auf mobilen Ger\u00e4ten wie Tablets und Smartphones, damit Sie als Unternehmen zu jeder Zeit und an jedem Ort immer einen perfekten Eindruck hinterlassen.<\/p>\n<p>Nutzerfreundlichkeit durch flexibel an die Bildschirmgr\u00f6\u00dfe der jeweilig genutzten mobilen Endger\u00e4te, gleich ob Smartphones, Tablets oder Netbooks, angepasste Inhalte wie Texte, Bilder und Navigation sind Grundvoraussetzungen f\u00fcr einen modernen Internetauftritt. Geringe Ladezeiten f\u00fcr effektive Kommunikation sorgen f\u00fcr zufriedene und immer wiederkehrende Besucher, was sich schlie\u00dflich auch positiv auf das Ranking bei Suchmaschinen auswirkt.<\/p>\n<p>Qualit\u00e4t ist, wenn der Kunde wiederkommt!<\/p>\n<p>Das macht er sicher gerne, wenn jeder Klick passt und der gesamte Internetauftritt in puncto Design und Nutzung \u00fcbersichtlich gegliedert ist und so allen Besuchern schnellen Zugriff auf umfangreiche Informationen erm\u00f6glicht. Hierzu geh\u00f6ren auch kundenspezifische Downloadbereiche und bequem gew\u00e4hrte Einblicke in das Leistungsspektrum, ebenso wie die M\u00f6glichkeit, sich als Kunde mit Ihnen oder anderen Kunden per Blog auszutauschen. So k\u00f6nnen auch gezielte Kundenumfragen gestartet werden.<\/p>\n<p>Zeitnah, zuverl\u00e4ssig und professionell erhalten Sie von Ihrer Webagentur individuelle Beratung und gezielte Umsetzung Ihrer Vorstellungen. Pragmatisch und nachhaltig entwickelte Strategie gepaart mit einem ordentlich durchdachten Konzept sichern langfristig Ihren Erfolg mit Ihrer Website!<\/p>\n<p><strong>Brauche ich eine Website?<\/strong><\/p>\n<p>Eine Frage, die sich immer wieder stellt!<\/p>\n<p>Produkte werden zunehmend im Internet gehandelt und Dienstleistungen werden \u00fcberregional oder sogar l\u00e4nder\u00fcbergreifend digital abgewickelt.<\/p>\n<p>Ohne Internetpr\u00e4senz ist das als Anbieter heute nicht m\u00f6glich. F\u00fcr aktuelle Informationen ist das Internet ein g\u00e4ngiges Medium. F\u00fcr potentielle Kunden m\u00fcssen Sie als Unternehmen auffindbar sein.<\/p>\n<p>Aber auch f\u00fcr Kunden, die es bevorzugen, lokal und regional einzukaufen, muss auf Produkte und Dienstleistungen sowie direkten Kundenservice vor Ort aufmerksam gemacht werden!<\/p>\n<p>Profitieren Sie optimal von einer Website!<\/p>\n<p>Pr\u00e4sentieren Sie online Ihre Kompetenz mit Ihren Produkten, Ihrer Dienstleistung, Ihrem sozialen Engagement und detaillierten Informationen \u00fcber alles, was Ihre Kunden interessieren k\u00f6nnte.<\/p>\n<p><em>Beschreiben Sie Ihre Produkte und Dienstleistungen! Welche Besonderheiten zeichnen sie aus?<\/em><\/p>\n<p><em>Platzieren Sie Ihre Kundenumfragen \u00fcber Ihr Unternehmen, Ihren Kundenservice und Ihre Produktpalette. Sind Sie gut?<\/em><\/p>\n<p><em>Wie ist Ihr Unternehmen mit Niederlassungen und Standorten in die Region eingebunden?<\/em><\/p>\n<p><em>Stellen Sie Ihr Team und die Kompetenzbereiche Ihrer Mitarbeiter vor!<\/em><\/p>\n<p><em>Hat Ihr Unternehmen eine Geschichte? Erz\u00e4hlen Sie sie Ihren Kunden!<\/em><\/p>\n<p><em>Bieten Sie Workshops an? Oder Produktschulungen f\u00fcr Kunden? Haben Sie Pl\u00e4ne f\u00fcr die Zukunft? Planen Sie mit Ihren Besuchern! Nutzen Sie den Blog!<\/em><\/p>\n<p><em>Und das Sch\u00f6ne ist: Sie m\u00fcssen sich nicht kurz fassen wie in der Printwerbung. Es ist Platz genug da!<\/em><\/p>\n<p>Verzichten Sie nicht auf Ihre Website und den Werbefaktor online als Vertriebskanal und sichern Sie sich m\u00f6gliche Kunden gegen\u00fcber Ihren Wettbewerbskonkurrenten.<\/p>\n<p>Kunden informieren sich vor einem Kauf im Internet und nutzen Suchmaschinen zur Produktsuche, zum Preisvergleich und zur Qualit\u00e4tssicherung. Werden auch Sie findbar durch Ihre Website.<\/p>\n<p>Ob Webvisitenkarte oder Onlineportal, Produktkatalog oder Onlineshop \u2026 pr\u00e4sentieren Sie sich professionell und schaffen Sie Vertrauen bei den Besuchern Ihrer Website.<\/p>\n<hr \/>\n<p>Webdesign von connysdesign.de \u2026 ich freue mich auf Sie!<\/p>\n","protected":false},"excerpt":{"rendered":"<p>Herzlich willkommen! Webdesign im Kundenauftrag umfasst die kompetente und zuverl\u00e4ssige Erstellung und Pflege von Websites im World Wide Web. Layout und Design, also Gestaltung, Aufbau und Netzf\u00fchrung sind neben Textgestaltung und\/oder Korrektur vorhandener Prospektinhalte und deren \u00dcberarbeitung nach Ausdruck, Stil und Lesefluss Basisaufgaben der Webagentur, aber auch das Platzieren von Grafiken auf der Basis von &hellip; <\/p>\n<p class=\"link-more\"><a href=\"https:\/\/connysdesign.de\/\" class=\"more-link\"><span class=\"screen-reader-text\">\u201eStartseite\u201c<\/span> weiterlesen<\/a><\/p>\n","protected":false},"author":1,"featured_media":0,"parent":0,"menu_order":0,"comment_status":"closed","ping_status":"closed","template":"","meta":{"footnotes":""},"class_list":["post-7","page","type-page","status-publish","hentry"],"yoast_head":"<!-- This site is optimized with the Yoast SEO plugin v27.0 - https:\/\/yoast.com\/product\/yoast-seo-wordpress\/ -->\n<title>Startseite - Connys Webdesign<\/title>\n<meta name=\"robots\" content=\"index, follow, max-snippet:-1, max-image-preview:large, max-video-preview:-1\" \/>\n<link rel=\"canonical\" href=\"https:\/\/connysdesign.de\/\" \/>\n<meta property=\"og:locale\" content=\"de_DE\" \/>\n<meta property=\"og:type\" content=\"article\" \/>\n<meta property=\"og:title\" content=\"Startseite - Connys Webdesign\" \/>\n<meta property=\"og:description\" content=\"Herzlich willkommen! Webdesign im Kundenauftrag umfasst die kompetente und zuverl\u00e4ssige Erstellung und Pflege von Websites im World Wide Web. Layout und Design, also Gestaltung, Aufbau und Netzf\u00fchrung sind neben Textgestaltung und\/oder Korrektur vorhandener Prospektinhalte und deren \u00dcberarbeitung nach Ausdruck, Stil und Lesefluss Basisaufgaben der Webagentur, aber auch das Platzieren von Grafiken auf der Basis von &hellip; \u201eStartseite\u201c weiterlesen\" \/>\n<meta property=\"og:url\" content=\"https:\/\/connysdesign.de\/\" \/>\n<meta property=\"og:site_name\" content=\"Connys Webdesign\" \/>\n<meta property=\"article:publisher\" content=\"https:\/\/www.facebook.com\/?ref=tn_tnmn\" \/>\n<meta property=\"article:modified_time\" content=\"2025-08-23T22:44:44+00:00\" \/>\n<meta name=\"twitter:card\" content=\"summary_large_image\" \/>\n<meta name=\"twitter:label1\" content=\"Gesch\u00e4tzte Lesezeit\" \/>\n\t<meta name=\"twitter:data1\" content=\"3\u00a0Minuten\" \/>\n<script type=\"application\/ld+json\" class=\"yoast-schema-graph\">{\"@context\":\"https:\/\/schema.org\",\"@graph\":[{\"@type\":\"WebPage\",\"@id\":\"https:\/\/connysdesign.de\/\",\"url\":\"https:\/\/connysdesign.de\/\",\"name\":\"Startseite - Connys Webdesign\",\"isPartOf\":{\"@id\":\"https:\/\/connysdesign.de\/#website\"},\"datePublished\":\"2017-04-24T13:33:02+00:00\",\"dateModified\":\"2025-08-23T22:44:44+00:00\",\"breadcrumb\":{\"@id\":\"https:\/\/connysdesign.de\/#breadcrumb\"},\"inLanguage\":\"de\",\"potentialAction\":[{\"@type\":\"ReadAction\",\"target\":[\"https:\/\/connysdesign.de\/\"]}]},{\"@type\":\"BreadcrumbList\",\"@id\":\"https:\/\/connysdesign.de\/#breadcrumb\",\"itemListElement\":[{\"@type\":\"ListItem\",\"position\":1,\"name\":\"Startseite\",\"item\":\"https:\/\/connysdesign.de\/\"},{\"@type\":\"ListItem\",\"position\":2,\"name\":\"Startseite\"}]},{\"@type\":\"WebSite\",\"@id\":\"https:\/\/connysdesign.de\/#website\",\"url\":\"https:\/\/connysdesign.de\/\",\"name\":\"Connys Webdesign\",\"description\":\"Homepage modern und schnell\",\"publisher\":{\"@id\":\"https:\/\/connysdesign.de\/#organization\"},\"potentialAction\":[{\"@type\":\"SearchAction\",\"target\":{\"@type\":\"EntryPoint\",\"urlTemplate\":\"https:\/\/connysdesign.de\/?s={search_term_string}\"},\"query-input\":{\"@type\":\"PropertyValueSpecification\",\"valueRequired\":true,\"valueName\":\"search_term_string\"}}],\"inLanguage\":\"de\"},{\"@type\":\"Organization\",\"@id\":\"https:\/\/connysdesign.de\/#organization\",\"name\":\"Connys Webdesign\",\"url\":\"https:\/\/connysdesign.de\/\",\"logo\":{\"@type\":\"ImageObject\",\"inLanguage\":\"de\",\"@id\":\"https:\/\/connysdesign.de\/#\/schema\/logo\/image\/\",\"url\":\"https:\/\/connysdesign.de\/wp-content\/uploads\/2017\/04\/customer_app.jpg\",\"contentUrl\":\"https:\/\/connysdesign.de\/wp-content\/uploads\/2017\/04\/customer_app.jpg\",\"width\":554,\"height\":554,\"caption\":\"Connys Webdesign\"},\"image\":{\"@id\":\"https:\/\/connysdesign.de\/#\/schema\/logo\/image\/\"},\"sameAs\":[\"https:\/\/www.facebook.com\/?ref=tn_tnmn\"]}]}<\/script>\n<!-- \/ Yoast SEO plugin. -->","yoast_head_json":{"title":"Startseite - Connys Webdesign","robots":{"index":"index","follow":"follow","max-snippet":"max-snippet:-1","max-image-preview":"max-image-preview:large","max-video-preview":"max-video-preview:-1"},"canonical":"https:\/\/connysdesign.de\/","og_locale":"de_DE","og_type":"article","og_title":"Startseite - Connys Webdesign","og_description":"Herzlich willkommen! Webdesign im Kundenauftrag umfasst die kompetente und zuverl\u00e4ssige Erstellung und Pflege von Websites im World Wide Web. Layout und Design, also Gestaltung, Aufbau und Netzf\u00fchrung sind neben Textgestaltung und\/oder Korrektur vorhandener Prospektinhalte und deren \u00dcberarbeitung nach Ausdruck, Stil und Lesefluss Basisaufgaben der Webagentur, aber auch das Platzieren von Grafiken auf der Basis von &hellip; \u201eStartseite\u201c weiterlesen","og_url":"https:\/\/connysdesign.de\/","og_site_name":"Connys Webdesign","article_publisher":"https:\/\/www.facebook.com\/?ref=tn_tnmn","article_modified_time":"2025-08-23T22:44:44+00:00","twitter_card":"summary_large_image","twitter_misc":{"Gesch\u00e4tzte Lesezeit":"3\u00a0Minuten"},"schema":{"@context":"https:\/\/schema.org","@graph":[{"@type":"WebPage","@id":"https:\/\/connysdesign.de\/","url":"https:\/\/connysdesign.de\/","name":"Startseite - Connys Webdesign","isPartOf":{"@id":"https:\/\/connysdesign.de\/#website"},"datePublished":"2017-04-24T13:33:02+00:00","dateModified":"2025-08-23T22:44:44+00:00","breadcrumb":{"@id":"https:\/\/connysdesign.de\/#breadcrumb"},"inLanguage":"de","potentialAction":[{"@type":"ReadAction","target":["https:\/\/connysdesign.de\/"]}]},{"@type":"BreadcrumbList","@id":"https:\/\/connysdesign.de\/#breadcrumb","itemListElement":[{"@type":"ListItem","position":1,"name":"Startseite","item":"https:\/\/connysdesign.de\/"},{"@type":"ListItem","position":2,"name":"Startseite"}]},{"@type":"WebSite","@id":"https:\/\/connysdesign.de\/#website","url":"https:\/\/connysdesign.de\/","name":"Connys Webdesign","description":"Homepage modern und schnell","publisher":{"@id":"https:\/\/connysdesign.de\/#organization"},"potentialAction":[{"@type":"SearchAction","target":{"@type":"EntryPoint","urlTemplate":"https:\/\/connysdesign.de\/?s={search_term_string}"},"query-input":{"@type":"PropertyValueSpecification","valueRequired":true,"valueName":"search_term_string"}}],"inLanguage":"de"},{"@type":"Organization","@id":"https:\/\/connysdesign.de\/#organization","name":"Connys Webdesign","url":"https:\/\/connysdesign.de\/","logo":{"@type":"ImageObject","inLanguage":"de","@id":"https:\/\/connysdesign.de\/#\/schema\/logo\/image\/","url":"https:\/\/connysdesign.de\/wp-content\/uploads\/2017\/04\/customer_app.jpg","contentUrl":"https:\/\/connysdesign.de\/wp-content\/uploads\/2017\/04\/customer_app.jpg","width":554,"height":554,"caption":"Connys Webdesign"},"image":{"@id":"https:\/\/connysdesign.de\/#\/schema\/logo\/image\/"},"sameAs":["https:\/\/www.facebook.com\/?ref=tn_tnmn"]}]}},"_links":{"self":[{"href":"https:\/\/connysdesign.de\/index.php?rest_route=\/wp\/v2\/pages\/7","targetHints":{"allow":["GET"]}}],"collection":[{"href":"https:\/\/connysdesign.de\/index.php?rest_route=\/wp\/v2\/pages"}],"about":[{"href":"https:\/\/connysdesign.de\/index.php?rest_route=\/wp\/v2\/types\/page"}],"author":[{"embeddable":true,"href":"https:\/\/connysdesign.de\/index.php?rest_route=\/wp\/v2\/users\/1"}],"replies":[{"embeddable":true,"href":"https:\/\/connysdesign.de\/index.php?rest_route=%2Fwp%2Fv2%2Fcomments&post=7"}],"version-history":[{"count":13,"href":"https:\/\/connysdesign.de\/index.php?rest_route=\/wp\/v2\/pages\/7\/revisions"}],"predecessor-version":[{"id":276,"href":"https:\/\/connysdesign.de\/index.php?rest_route=\/wp\/v2\/pages\/7\/revisions\/276"}],"wp:attachment":[{"href":"https:\/\/connysdesign.de\/index.php?rest_route=%2Fwp%2Fv2%2Fmedia&parent=7"}],"curies":[{"name":"wp","href":"https:\/\/api.w.org\/{rel}","templated":true}]}}