{"id":625,"date":"2018-01-27T13:02:28","date_gmt":"2018-01-27T12:02:28","guid":{"rendered":"https:\/\/connysdesign.de\/?page_id=625"},"modified":"2025-09-25T03:37:08","modified_gmt":"2025-09-25T01:37:08","slug":"gedichte","status":"publish","type":"page","link":"https:\/\/connysdesign.de\/?page_id=625","title":{"rendered":"Gedichte"},"content":{"rendered":"<h2>Leben<\/h2>\n<p>Vor dem Hintergrund der Geschichten, die das Leben im Sekundentakt f\u00fcr uns schreibt, erfinden wir uns immer wieder neu. Versuche, Erlebtes zu reflektieren, f\u00fchren zu st\u00e4ndig neuen Erkenntnissen. Kunstvoll verweben sich Soll- und Ist-Bestand unseres Daseins zu facettenreichen Mustern &#8230; ein Grund mehr, sich die Neugier auf den n\u00e4chsten Moment stets zu bewahren. Was diese Momente uns dann manchmal abverlangen, sieht zu Beginn oft danach aus, als k\u00f6nne man das kaum bew\u00e4ltigen. Aber mit Geduld und Lebensfreude geht fast ALLES, glaubt mir. Beruflich musste ich so h\u00e4ufig Menschen beruhigen, besonders im Hinblick auf Wartezeiten bis zur Erreichung eines Wunschziels. Ich habe das selbst auch gelernt. Es geht! Und am Ende ist man gl\u00fccklich. Und das, was man sich erobern muss, wei\u00df man auch zu sch\u00e4tzen, und das ist extrem wichtig. Wir lernen durch das Soeben, leben den Moment, haben einen positiven Blick auf die n\u00e4chste Sekunde und senden Gutes in die Zukunft! Ich wurde vor kurzem, als ich etwas traurig war, von einem lieben Menschen an meinen eigenen Werbeslogan erinnert: Mit Optimismus zum Erfolg! Und dennoch gilt es, auf jeden Fall vorausschauend und auch hypothetisch zu denken, um jederzeit effektiv reagieren und effizient leben zu k\u00f6nnen!<br \/>\n<a href=\"https:\/\/connysdesign.de\/?page_id=856\">Leseprobe<\/a><\/p>\n<h2>Gedanken<\/h2>\n<p>Meine \u00dcberlegungen zu gewissen Fragen, die der Alltag einfach so aufwirft, am\u00fcsieren mich selbst. Es macht mir Spa\u00df, zu meckern, zu kritisieren und schlie\u00dflich unterschwellig zu merken, dass ich als Akteur im Mittelpunkt meines Lebens zwangsl\u00e4ufig auch \u00fcber mich selbst zu Gericht sitze. Die Erkenntnis liegt nahe, dass es eigentlich Richtig oder Recht gar nicht gibt, aber jeder versucht, sein Leben nach seinem Bedarf und nach individueller Einsch\u00e4tzung &#8222;zu-Recht-zu-biegen&#8220; &#8211; mit mehr oder weniger Erfolg!<br \/>\n<a href=\"https:\/\/connysdesign.de\/?page_id=858\">Leseprobe<\/a><\/p>\n<h2>Liebe<\/h2>\n<p>Kleine M\u00e4dchen tr\u00e4umen vom M\u00e4rchenprinzen, der sie auf seinem pr\u00e4chtigen Schimmel in sein Traumschloss entf\u00fchrt &#8230; aus dem Prinzen wird ein dufter Kumpel, mit dem sie im ersten eigenen Auto die ersehnte gemeinsame Wohnung beziehen &#8230; und mit etwas Gl\u00fcck findet die Tr\u00e4umerei einen soliden Boden &#8211; aber was, wenn nicht? Oh je! Die reife, erfahrene Frau sucht erneut und erneut und erneut nach ihrem Traum &#8230; ich w\u00fcnsche allen Singles bei diesem Dauerstress viel, viel Gl\u00fcck und Geduld! &#8230;<br \/>\n<a href=\"https:\/\/connysdesign.de\/?page_id=781\">Leseprobe<\/a><\/p>\n<h2>Gesundheit<\/h2>\n<p>Das wohl h\u00f6chste Gut unserer materiellen Existenz ist die Gesundheit von Leib und Seele. Aber wie alles auf dieser Welt ist auch das nicht ohne Einsatz von M\u00fche und nur unter Verzicht auf sch\u00e4digende Verlockungen zu realisieren. Leider schenken bekannterma\u00dfen viele Menschen ihrem herzallerliebsten Auto, ihrem Superh\u00e4uschen und ihrem Ein-und-Alles-Garten, ja, sogar den vierbeinigen Familienmitgliedern mehr Interesse und Aufmerksamkeit als SICH SELBST! Ist ja auch oftmals bequemer!<br \/>\n<a href=\"https:\/\/connysdesign.de\/?page_id=860\">Leseprobe<\/a><\/p>\n<h2>dies &amp; das<\/h2>\n<p>Der Stoff, aus dem Gedichte sind, ist in uns, um uns und immer pr\u00e4sent &#8230; dies &amp; das bewegt die Welt und ist es wert, einen Augenblick und auf ein Wort zu verweilen. Nehmen wir uns die Zeit! Nehmen wir unsere Umgebung wahr! Nehmen wir Menschen wahr! Nehmen wir uns selbst wahr! Nehmen wir unser Leben in die H\u00e4nde! &#8211; Geben wir dem Wirken und Werken von Sph\u00e4re und Atmosph\u00e4re eine Chance!<br \/>\n<a href=\"https:\/\/connysdesign.de\/?page_id=862\">Leseprobe<\/a><\/p>\n<h2>Zufallsgedichte<\/h2>\n<div>Rund um die Hochzeit<br\/><br\/><p>Vom Leben sind wir oft ger&uuml;hrt<br \/>\nzwei Menschen es zusammenf&uuml;hrt<\/p>\n<p>Sie kommt von da und er von dort<br \/>\ngemeinsam fliegen sie nun fort<\/p>\n<p>Beim Start in ihre Zweisamkeit<br \/>\nmacht Hektik sich ganz langsam breit<\/p>\n<p>Die Einigkeit in Gl&uuml;ck und Leid<br \/>\nbeginnt mit einem wei&szlig;en Kleid<\/p>\n<p>Outfit von Dessous bis Schuhe<br \/>\nBr&auml;ute brauchen hierf&uuml;r Ruhe<\/p>\n<p>Kosmetik, Wellness und Friseur<br \/>\ndie Auswahl f&auml;llt hier wirklich schwer<\/p>\n<p>Leichter hat es da doch der Mann<br \/>\nden Anzug er schnell finden kann<\/p>\n<p>Die Wahl der Trauringe braucht Zeit<br \/>\nund beiderseits Entschlossenheit<\/p>\n<p>Rund um die Hochzeit wird gesorgt<br \/>\nEssen, Trinken, Blumen, Transport<\/p>\n<p>Und zur Musik, die leise spielt<br \/>\njemand schie&szlig;t Fotos ganz gezielt<\/p>\n<p>Hilfe gibts bei diesen Fragen<br \/>\nauf Messen wie den Hochzeitstagen<\/p>\n<\/div>\n<h2><img loading=\"lazy\" decoding=\"async\" class=\"alignnone size-full wp-image-798\" src=\"https:\/\/connysdesign.de\/wp-content\/uploads\/2018\/02\/cr_kuss_5.jpg\" alt=\"\" width=\"199\" height=\"115\" \/><\/h2>\n<blockquote><p>Hier erfasse ich Gedanken.<br \/>\nHier lebt meine Hobbywelt.<br \/>\nHier toben Sinnenst\u00fcrme.<br \/>\nHier drehen sich Wortspiralen.<br \/>\nHier suche ich nach Perfektion.<br \/>\nHier bewegt sich Kreativit\u00e4t.<br \/>\nHier erfinde ich mich jeden Tag neu.<\/p><\/blockquote>\n<h5>mehr in meinen B\u00fcchern<\/h5>\n<blockquote><p>Cornelia Rinne<\/p><\/blockquote>\n","protected":false},"excerpt":{"rendered":"<p>Leben Vor dem Hintergrund der Geschichten, die das Leben im Sekundentakt f\u00fcr uns schreibt, erfinden wir uns immer wieder neu. Versuche, Erlebtes zu reflektieren, f\u00fchren zu st\u00e4ndig neuen Erkenntnissen. Kunstvoll verweben sich Soll- und Ist-Bestand unseres Daseins zu facettenreichen Mustern &#8230; ein Grund mehr, sich die Neugier auf den n\u00e4chsten Moment stets zu bewahren. Was &hellip; <\/p>\n<p class=\"link-more\"><a href=\"https:\/\/connysdesign.de\/?page_id=625\" class=\"more-link\"><span class=\"screen-reader-text\">\u201eGedichte\u201c<\/span> weiterlesen<\/a><\/p>\n","protected":false},"author":1,"featured_media":766,"parent":0,"menu_order":0,"comment_status":"closed","ping_status":"closed","template":"","meta":{"footnotes":""},"class_list":["post-625","page","type-page","status-publish","has-post-thumbnail","hentry"],"yoast_head":"<!-- This site is optimized with the Yoast SEO plugin v27.0 - https:\/\/yoast.com\/product\/yoast-seo-wordpress\/ -->\n<title>Gedichte - Connys Webdesign<\/title>\n<meta name=\"robots\" content=\"index, follow, max-snippet:-1, max-image-preview:large, max-video-preview:-1\" \/>\n<link rel=\"canonical\" href=\"https:\/\/connysdesign.de\/?page_id=625\" \/>\n<meta property=\"og:locale\" content=\"de_DE\" \/>\n<meta property=\"og:type\" content=\"article\" \/>\n<meta property=\"og:title\" content=\"Gedichte - Connys Webdesign\" \/>\n<meta property=\"og:description\" content=\"Leben Vor dem Hintergrund der Geschichten, die das Leben im Sekundentakt f\u00fcr uns schreibt, erfinden wir uns immer wieder neu. Versuche, Erlebtes zu reflektieren, f\u00fchren zu st\u00e4ndig neuen Erkenntnissen. Kunstvoll verweben sich Soll- und Ist-Bestand unseres Daseins zu facettenreichen Mustern &#8230; ein Grund mehr, sich die Neugier auf den n\u00e4chsten Moment stets zu bewahren. Was &hellip; \u201eGedichte\u201c weiterlesen\" \/>\n<meta property=\"og:url\" content=\"https:\/\/connysdesign.de\/?page_id=625\" \/>\n<meta property=\"og:site_name\" content=\"Connys Webdesign\" \/>\n<meta property=\"article:publisher\" content=\"https:\/\/www.facebook.com\/?ref=tn_tnmn\" \/>\n<meta property=\"article:modified_time\" content=\"2025-09-25T01:37:08+00:00\" \/>\n<meta property=\"og:image\" content=\"https:\/\/connysdesign.de\/wp-content\/uploads\/2018\/01\/P1290487.jpg\" \/>\n\t<meta property=\"og:image:width\" content=\"2592\" \/>\n\t<meta property=\"og:image:height\" content=\"1944\" \/>\n\t<meta property=\"og:image:type\" content=\"image\/jpeg\" \/>\n<meta name=\"twitter:card\" content=\"summary_large_image\" \/>\n<meta name=\"twitter:label1\" content=\"Gesch\u00e4tzte Lesezeit\" \/>\n\t<meta name=\"twitter:data1\" content=\"4\u00a0Minuten\" \/>\n<script type=\"application\/ld+json\" class=\"yoast-schema-graph\">{\"@context\":\"https:\/\/schema.org\",\"@graph\":[{\"@type\":\"WebPage\",\"@id\":\"https:\/\/connysdesign.de\/?page_id=625\",\"url\":\"https:\/\/connysdesign.de\/?page_id=625\",\"name\":\"Gedichte - Connys Webdesign\",\"isPartOf\":{\"@id\":\"https:\/\/connysdesign.de\/#website\"},\"primaryImageOfPage\":{\"@id\":\"https:\/\/connysdesign.de\/?page_id=625#primaryimage\"},\"image\":{\"@id\":\"https:\/\/connysdesign.de\/?page_id=625#primaryimage\"},\"thumbnailUrl\":\"https:\/\/connysdesign.de\/wp-content\/uploads\/2018\/01\/P1290487.jpg\",\"datePublished\":\"2018-01-27T12:02:28+00:00\",\"dateModified\":\"2025-09-25T01:37:08+00:00\",\"breadcrumb\":{\"@id\":\"https:\/\/connysdesign.de\/?page_id=625#breadcrumb\"},\"inLanguage\":\"de\",\"potentialAction\":[{\"@type\":\"ReadAction\",\"target\":[\"https:\/\/connysdesign.de\/?page_id=625\"]}]},{\"@type\":\"ImageObject\",\"inLanguage\":\"de\",\"@id\":\"https:\/\/connysdesign.de\/?page_id=625#primaryimage\",\"url\":\"https:\/\/connysdesign.de\/wp-content\/uploads\/2018\/01\/P1290487.jpg\",\"contentUrl\":\"https:\/\/connysdesign.de\/wp-content\/uploads\/2018\/01\/P1290487.jpg\",\"width\":2592,\"height\":1944},{\"@type\":\"BreadcrumbList\",\"@id\":\"https:\/\/connysdesign.de\/?page_id=625#breadcrumb\",\"itemListElement\":[{\"@type\":\"ListItem\",\"position\":1,\"name\":\"Startseite\",\"item\":\"https:\/\/connysdesign.de\/\"},{\"@type\":\"ListItem\",\"position\":2,\"name\":\"Gedichte\"}]},{\"@type\":\"WebSite\",\"@id\":\"https:\/\/connysdesign.de\/#website\",\"url\":\"https:\/\/connysdesign.de\/\",\"name\":\"Connys Webdesign\",\"description\":\"Homepage modern und schnell\",\"publisher\":{\"@id\":\"https:\/\/connysdesign.de\/#organization\"},\"potentialAction\":[{\"@type\":\"SearchAction\",\"target\":{\"@type\":\"EntryPoint\",\"urlTemplate\":\"https:\/\/connysdesign.de\/?s={search_term_string}\"},\"query-input\":{\"@type\":\"PropertyValueSpecification\",\"valueRequired\":true,\"valueName\":\"search_term_string\"}}],\"inLanguage\":\"de\"},{\"@type\":\"Organization\",\"@id\":\"https:\/\/connysdesign.de\/#organization\",\"name\":\"Connys Webdesign\",\"url\":\"https:\/\/connysdesign.de\/\",\"logo\":{\"@type\":\"ImageObject\",\"inLanguage\":\"de\",\"@id\":\"https:\/\/connysdesign.de\/#\/schema\/logo\/image\/\",\"url\":\"https:\/\/connysdesign.de\/wp-content\/uploads\/2017\/04\/customer_app.jpg\",\"contentUrl\":\"https:\/\/connysdesign.de\/wp-content\/uploads\/2017\/04\/customer_app.jpg\",\"width\":554,\"height\":554,\"caption\":\"Connys Webdesign\"},\"image\":{\"@id\":\"https:\/\/connysdesign.de\/#\/schema\/logo\/image\/\"},\"sameAs\":[\"https:\/\/www.facebook.com\/?ref=tn_tnmn\"]}]}<\/script>\n<!-- \/ Yoast SEO plugin. -->","yoast_head_json":{"title":"Gedichte - Connys Webdesign","robots":{"index":"index","follow":"follow","max-snippet":"max-snippet:-1","max-image-preview":"max-image-preview:large","max-video-preview":"max-video-preview:-1"},"canonical":"https:\/\/connysdesign.de\/?page_id=625","og_locale":"de_DE","og_type":"article","og_title":"Gedichte - Connys Webdesign","og_description":"Leben Vor dem Hintergrund der Geschichten, die das Leben im Sekundentakt f\u00fcr uns schreibt, erfinden wir uns immer wieder neu. Versuche, Erlebtes zu reflektieren, f\u00fchren zu st\u00e4ndig neuen Erkenntnissen. Kunstvoll verweben sich Soll- und Ist-Bestand unseres Daseins zu facettenreichen Mustern &#8230; ein Grund mehr, sich die Neugier auf den n\u00e4chsten Moment stets zu bewahren. Was &hellip; \u201eGedichte\u201c weiterlesen","og_url":"https:\/\/connysdesign.de\/?page_id=625","og_site_name":"Connys Webdesign","article_publisher":"https:\/\/www.facebook.com\/?ref=tn_tnmn","article_modified_time":"2025-09-25T01:37:08+00:00","og_image":[{"width":2592,"height":1944,"url":"https:\/\/connysdesign.de\/wp-content\/uploads\/2018\/01\/P1290487.jpg","type":"image\/jpeg"}],"twitter_card":"summary_large_image","twitter_misc":{"Gesch\u00e4tzte Lesezeit":"4\u00a0Minuten"},"schema":{"@context":"https:\/\/schema.org","@graph":[{"@type":"WebPage","@id":"https:\/\/connysdesign.de\/?page_id=625","url":"https:\/\/connysdesign.de\/?page_id=625","name":"Gedichte - Connys Webdesign","isPartOf":{"@id":"https:\/\/connysdesign.de\/#website"},"primaryImageOfPage":{"@id":"https:\/\/connysdesign.de\/?page_id=625#primaryimage"},"image":{"@id":"https:\/\/connysdesign.de\/?page_id=625#primaryimage"},"thumbnailUrl":"https:\/\/connysdesign.de\/wp-content\/uploads\/2018\/01\/P1290487.jpg","datePublished":"2018-01-27T12:02:28+00:00","dateModified":"2025-09-25T01:37:08+00:00","breadcrumb":{"@id":"https:\/\/connysdesign.de\/?page_id=625#breadcrumb"},"inLanguage":"de","potentialAction":[{"@type":"ReadAction","target":["https:\/\/connysdesign.de\/?page_id=625"]}]},{"@type":"ImageObject","inLanguage":"de","@id":"https:\/\/connysdesign.de\/?page_id=625#primaryimage","url":"https:\/\/connysdesign.de\/wp-content\/uploads\/2018\/01\/P1290487.jpg","contentUrl":"https:\/\/connysdesign.de\/wp-content\/uploads\/2018\/01\/P1290487.jpg","width":2592,"height":1944},{"@type":"BreadcrumbList","@id":"https:\/\/connysdesign.de\/?page_id=625#breadcrumb","itemListElement":[{"@type":"ListItem","position":1,"name":"Startseite","item":"https:\/\/connysdesign.de\/"},{"@type":"ListItem","position":2,"name":"Gedichte"}]},{"@type":"WebSite","@id":"https:\/\/connysdesign.de\/#website","url":"https:\/\/connysdesign.de\/","name":"Connys Webdesign","description":"Homepage modern und schnell","publisher":{"@id":"https:\/\/connysdesign.de\/#organization"},"potentialAction":[{"@type":"SearchAction","target":{"@type":"EntryPoint","urlTemplate":"https:\/\/connysdesign.de\/?s={search_term_string}"},"query-input":{"@type":"PropertyValueSpecification","valueRequired":true,"valueName":"search_term_string"}}],"inLanguage":"de"},{"@type":"Organization","@id":"https:\/\/connysdesign.de\/#organization","name":"Connys Webdesign","url":"https:\/\/connysdesign.de\/","logo":{"@type":"ImageObject","inLanguage":"de","@id":"https:\/\/connysdesign.de\/#\/schema\/logo\/image\/","url":"https:\/\/connysdesign.de\/wp-content\/uploads\/2017\/04\/customer_app.jpg","contentUrl":"https:\/\/connysdesign.de\/wp-content\/uploads\/2017\/04\/customer_app.jpg","width":554,"height":554,"caption":"Connys Webdesign"},"image":{"@id":"https:\/\/connysdesign.de\/#\/schema\/logo\/image\/"},"sameAs":["https:\/\/www.facebook.com\/?ref=tn_tnmn"]}]}},"_links":{"self":[{"href":"https:\/\/connysdesign.de\/index.php?rest_route=\/wp\/v2\/pages\/625","targetHints":{"allow":["GET"]}}],"collection":[{"href":"https:\/\/connysdesign.de\/index.php?rest_route=\/wp\/v2\/pages"}],"about":[{"href":"https:\/\/connysdesign.de\/index.php?rest_route=\/wp\/v2\/types\/page"}],"author":[{"embeddable":true,"href":"https:\/\/connysdesign.de\/index.php?rest_route=\/wp\/v2\/users\/1"}],"replies":[{"embeddable":true,"href":"https:\/\/connysdesign.de\/index.php?rest_route=%2Fwp%2Fv2%2Fcomments&post=625"}],"version-history":[{"count":40,"href":"https:\/\/connysdesign.de\/index.php?rest_route=\/wp\/v2\/pages\/625\/revisions"}],"predecessor-version":[{"id":1887,"href":"https:\/\/connysdesign.de\/index.php?rest_route=\/wp\/v2\/pages\/625\/revisions\/1887"}],"wp:featuredmedia":[{"embeddable":true,"href":"https:\/\/connysdesign.de\/index.php?rest_route=\/wp\/v2\/media\/766"}],"wp:attachment":[{"href":"https:\/\/connysdesign.de\/index.php?rest_route=%2Fwp%2Fv2%2Fmedia&parent=625"}],"curies":[{"name":"wp","href":"https:\/\/api.w.org\/{rel}","templated":true}]}}