{"id":611,"date":"2018-01-25T13:03:04","date_gmt":"2018-01-25T12:03:04","guid":{"rendered":"https:\/\/connysdesign.de\/?page_id=611"},"modified":"2018-01-27T14:31:09","modified_gmt":"2018-01-27T13:31:09","slug":"a-pav-scripte","status":"publish","type":"page","link":"https:\/\/connysdesign.de\/?page_id=611","title":{"rendered":"Qualit\u00e4tsmanagement"},"content":{"rendered":"<h2>Leitbild<\/h2>\n<p>Ziel ist es, jeden Auftrag individuell und bedarfsorientiert zu erf\u00fcllen.<\/p>\n<p>Klarheit und Vertraulichkeit gegen\u00fcber Kunden und Wahrung des Betriebsklimas durch Respekt, Kollegialit\u00e4t, Fairness und Kooperationsbereitschaft sowie branchenkonformes Repr\u00e4sentieren und Arbeiten sollten Grundvoraussetzungen der unterschiedlichen am Markt pr\u00e4senten Ans\u00e4tze von Dienstleistungsunternehmen sein.<\/p>\n<p>Der professionelle Umgang miteinander und jegliche T\u00e4tigkeit in \u00dcbereinstimmung mit beruflichen Qualit\u00e4tsstandards vor dem Hintergrund pers\u00f6nlicher Integrit\u00e4t dienen dem Schutz der Kundeninteressen.<\/p>\n<h2>Qualit\u00e4tsgrunds\u00e4tze<\/h2>\n<p>Die Qualit\u00e4t der Dienstleistung wird sichergestellt durch Optimierung der Auftragsabwicklung.<\/p>\n<p>Die Gew\u00e4hrleistung kontinuierlicher kunden- und prozessorientierter Weiterentwicklung und Verbesserung des QM erfordert qualit\u00e4tsbewusstes Denken und Handeln sowie klare Aufgabenstellungen.<\/p>\n<p>St\u00e4ndig steht der Kundenauftrag vor dem Hintergrund schneller Umsetzung und Realisierung unter fortdauernder Transparenz des Arbeitsprozesses f\u00fcr den Auftragnehmer im Mittelpunkt.<\/p>\n<h2>Kundenzufriedenheit<\/h2>\n<p>Um als Unternehmen in der Lage zu sein, die eigenen Erfolgspotenziale zu ermitteln, sind Umfragen zur Zufriedenheit unumg\u00e4nglich. Jedes Unternehmen m\u00f6chte gerne die Kundenbeziehung so gestalten, dass das Verh\u00e4ltnis zwischen Kosten und Nutzen auf beiden Seiten positiv ist. Auch soll unser Blick stets darauf ausgerichtet sein, die Qualit\u00e4t der Arbeitsleistung m\u00f6glichst konstant zu halten oder eben zu verbessern. Deswegen ist das Unternehmen auf Ihre Bewertung angewiesen. Ihre Meinung ist uns wichtig! Nutzen Sie den <a href=\"https:\/\/connysdesign.de\/?p=648\">BLOG<\/a>!<\/p>\n","protected":false},"excerpt":{"rendered":"<p>Leitbild Ziel ist es, jeden Auftrag individuell und bedarfsorientiert zu erf\u00fcllen. Klarheit und Vertraulichkeit gegen\u00fcber Kunden und Wahrung des Betriebsklimas durch Respekt, Kollegialit\u00e4t, Fairness und Kooperationsbereitschaft sowie branchenkonformes Repr\u00e4sentieren und Arbeiten sollten Grundvoraussetzungen der unterschiedlichen am Markt pr\u00e4senten Ans\u00e4tze von Dienstleistungsunternehmen sein. Der professionelle Umgang miteinander und jegliche T\u00e4tigkeit in \u00dcbereinstimmung mit beruflichen Qualit\u00e4tsstandards vor &hellip; <\/p>\n<p class=\"link-more\"><a href=\"https:\/\/connysdesign.de\/?page_id=611\" class=\"more-link\"><span class=\"screen-reader-text\">\u201eQualit\u00e4tsmanagement\u201c<\/span> weiterlesen<\/a><\/p>\n","protected":false},"author":1,"featured_media":0,"parent":0,"menu_order":0,"comment_status":"closed","ping_status":"closed","template":"","meta":{"footnotes":""},"class_list":["post-611","page","type-page","status-publish","hentry"],"yoast_head":"<!-- This site is optimized with the Yoast SEO plugin v27.0 - https:\/\/yoast.com\/product\/yoast-seo-wordpress\/ -->\n<title>Qualit\u00e4tsmanagement - Connys Webdesign<\/title>\n<meta name=\"robots\" content=\"index, follow, max-snippet:-1, max-image-preview:large, max-video-preview:-1\" \/>\n<link rel=\"canonical\" href=\"https:\/\/connysdesign.de\/?page_id=611\" \/>\n<meta property=\"og:locale\" content=\"de_DE\" \/>\n<meta property=\"og:type\" content=\"article\" \/>\n<meta property=\"og:title\" content=\"Qualit\u00e4tsmanagement - Connys Webdesign\" \/>\n<meta property=\"og:description\" content=\"Leitbild Ziel ist es, jeden Auftrag individuell und bedarfsorientiert zu erf\u00fcllen. Klarheit und Vertraulichkeit gegen\u00fcber Kunden und Wahrung des Betriebsklimas durch Respekt, Kollegialit\u00e4t, Fairness und Kooperationsbereitschaft sowie branchenkonformes Repr\u00e4sentieren und Arbeiten sollten Grundvoraussetzungen der unterschiedlichen am Markt pr\u00e4senten Ans\u00e4tze von Dienstleistungsunternehmen sein. Der professionelle Umgang miteinander und jegliche T\u00e4tigkeit in \u00dcbereinstimmung mit beruflichen Qualit\u00e4tsstandards vor &hellip; \u201eQualit\u00e4tsmanagement\u201c weiterlesen\" \/>\n<meta property=\"og:url\" content=\"https:\/\/connysdesign.de\/?page_id=611\" \/>\n<meta property=\"og:site_name\" content=\"Connys Webdesign\" \/>\n<meta property=\"article:publisher\" content=\"https:\/\/www.facebook.com\/?ref=tn_tnmn\" \/>\n<meta property=\"article:modified_time\" content=\"2018-01-27T13:31:09+00:00\" \/>\n<meta name=\"twitter:card\" content=\"summary_large_image\" \/>\n<meta name=\"twitter:label1\" content=\"Gesch\u00e4tzte Lesezeit\" \/>\n\t<meta name=\"twitter:data1\" content=\"1\u00a0Minute\" \/>\n<script type=\"application\/ld+json\" class=\"yoast-schema-graph\">{\"@context\":\"https:\/\/schema.org\",\"@graph\":[{\"@type\":\"WebPage\",\"@id\":\"https:\/\/connysdesign.de\/?page_id=611\",\"url\":\"https:\/\/connysdesign.de\/?page_id=611\",\"name\":\"Qualit\u00e4tsmanagement - Connys Webdesign\",\"isPartOf\":{\"@id\":\"https:\/\/connysdesign.de\/#website\"},\"datePublished\":\"2018-01-25T12:03:04+00:00\",\"dateModified\":\"2018-01-27T13:31:09+00:00\",\"breadcrumb\":{\"@id\":\"https:\/\/connysdesign.de\/?page_id=611#breadcrumb\"},\"inLanguage\":\"de\",\"potentialAction\":[{\"@type\":\"ReadAction\",\"target\":[\"https:\/\/connysdesign.de\/?page_id=611\"]}]},{\"@type\":\"BreadcrumbList\",\"@id\":\"https:\/\/connysdesign.de\/?page_id=611#breadcrumb\",\"itemListElement\":[{\"@type\":\"ListItem\",\"position\":1,\"name\":\"Startseite\",\"item\":\"https:\/\/connysdesign.de\/\"},{\"@type\":\"ListItem\",\"position\":2,\"name\":\"Qualit\u00e4tsmanagement\"}]},{\"@type\":\"WebSite\",\"@id\":\"https:\/\/connysdesign.de\/#website\",\"url\":\"https:\/\/connysdesign.de\/\",\"name\":\"Connys Webdesign\",\"description\":\"Homepage modern und schnell\",\"publisher\":{\"@id\":\"https:\/\/connysdesign.de\/#organization\"},\"potentialAction\":[{\"@type\":\"SearchAction\",\"target\":{\"@type\":\"EntryPoint\",\"urlTemplate\":\"https:\/\/connysdesign.de\/?s={search_term_string}\"},\"query-input\":{\"@type\":\"PropertyValueSpecification\",\"valueRequired\":true,\"valueName\":\"search_term_string\"}}],\"inLanguage\":\"de\"},{\"@type\":\"Organization\",\"@id\":\"https:\/\/connysdesign.de\/#organization\",\"name\":\"Connys Webdesign\",\"url\":\"https:\/\/connysdesign.de\/\",\"logo\":{\"@type\":\"ImageObject\",\"inLanguage\":\"de\",\"@id\":\"https:\/\/connysdesign.de\/#\/schema\/logo\/image\/\",\"url\":\"https:\/\/connysdesign.de\/wp-content\/uploads\/2017\/04\/customer_app.jpg\",\"contentUrl\":\"https:\/\/connysdesign.de\/wp-content\/uploads\/2017\/04\/customer_app.jpg\",\"width\":554,\"height\":554,\"caption\":\"Connys Webdesign\"},\"image\":{\"@id\":\"https:\/\/connysdesign.de\/#\/schema\/logo\/image\/\"},\"sameAs\":[\"https:\/\/www.facebook.com\/?ref=tn_tnmn\"]}]}<\/script>\n<!-- \/ Yoast SEO plugin. -->","yoast_head_json":{"title":"Qualit\u00e4tsmanagement - Connys Webdesign","robots":{"index":"index","follow":"follow","max-snippet":"max-snippet:-1","max-image-preview":"max-image-preview:large","max-video-preview":"max-video-preview:-1"},"canonical":"https:\/\/connysdesign.de\/?page_id=611","og_locale":"de_DE","og_type":"article","og_title":"Qualit\u00e4tsmanagement - Connys Webdesign","og_description":"Leitbild Ziel ist es, jeden Auftrag individuell und bedarfsorientiert zu erf\u00fcllen. Klarheit und Vertraulichkeit gegen\u00fcber Kunden und Wahrung des Betriebsklimas durch Respekt, Kollegialit\u00e4t, Fairness und Kooperationsbereitschaft sowie branchenkonformes Repr\u00e4sentieren und Arbeiten sollten Grundvoraussetzungen der unterschiedlichen am Markt pr\u00e4senten Ans\u00e4tze von Dienstleistungsunternehmen sein. Der professionelle Umgang miteinander und jegliche T\u00e4tigkeit in \u00dcbereinstimmung mit beruflichen Qualit\u00e4tsstandards vor &hellip; \u201eQualit\u00e4tsmanagement\u201c weiterlesen","og_url":"https:\/\/connysdesign.de\/?page_id=611","og_site_name":"Connys Webdesign","article_publisher":"https:\/\/www.facebook.com\/?ref=tn_tnmn","article_modified_time":"2018-01-27T13:31:09+00:00","twitter_card":"summary_large_image","twitter_misc":{"Gesch\u00e4tzte Lesezeit":"1\u00a0Minute"},"schema":{"@context":"https:\/\/schema.org","@graph":[{"@type":"WebPage","@id":"https:\/\/connysdesign.de\/?page_id=611","url":"https:\/\/connysdesign.de\/?page_id=611","name":"Qualit\u00e4tsmanagement - Connys Webdesign","isPartOf":{"@id":"https:\/\/connysdesign.de\/#website"},"datePublished":"2018-01-25T12:03:04+00:00","dateModified":"2018-01-27T13:31:09+00:00","breadcrumb":{"@id":"https:\/\/connysdesign.de\/?page_id=611#breadcrumb"},"inLanguage":"de","potentialAction":[{"@type":"ReadAction","target":["https:\/\/connysdesign.de\/?page_id=611"]}]},{"@type":"BreadcrumbList","@id":"https:\/\/connysdesign.de\/?page_id=611#breadcrumb","itemListElement":[{"@type":"ListItem","position":1,"name":"Startseite","item":"https:\/\/connysdesign.de\/"},{"@type":"ListItem","position":2,"name":"Qualit\u00e4tsmanagement"}]},{"@type":"WebSite","@id":"https:\/\/connysdesign.de\/#website","url":"https:\/\/connysdesign.de\/","name":"Connys Webdesign","description":"Homepage modern und schnell","publisher":{"@id":"https:\/\/connysdesign.de\/#organization"},"potentialAction":[{"@type":"SearchAction","target":{"@type":"EntryPoint","urlTemplate":"https:\/\/connysdesign.de\/?s={search_term_string}"},"query-input":{"@type":"PropertyValueSpecification","valueRequired":true,"valueName":"search_term_string"}}],"inLanguage":"de"},{"@type":"Organization","@id":"https:\/\/connysdesign.de\/#organization","name":"Connys Webdesign","url":"https:\/\/connysdesign.de\/","logo":{"@type":"ImageObject","inLanguage":"de","@id":"https:\/\/connysdesign.de\/#\/schema\/logo\/image\/","url":"https:\/\/connysdesign.de\/wp-content\/uploads\/2017\/04\/customer_app.jpg","contentUrl":"https:\/\/connysdesign.de\/wp-content\/uploads\/2017\/04\/customer_app.jpg","width":554,"height":554,"caption":"Connys Webdesign"},"image":{"@id":"https:\/\/connysdesign.de\/#\/schema\/logo\/image\/"},"sameAs":["https:\/\/www.facebook.com\/?ref=tn_tnmn"]}]}},"_links":{"self":[{"href":"https:\/\/connysdesign.de\/index.php?rest_route=\/wp\/v2\/pages\/611","targetHints":{"allow":["GET"]}}],"collection":[{"href":"https:\/\/connysdesign.de\/index.php?rest_route=\/wp\/v2\/pages"}],"about":[{"href":"https:\/\/connysdesign.de\/index.php?rest_route=\/wp\/v2\/types\/page"}],"author":[{"embeddable":true,"href":"https:\/\/connysdesign.de\/index.php?rest_route=\/wp\/v2\/users\/1"}],"replies":[{"embeddable":true,"href":"https:\/\/connysdesign.de\/index.php?rest_route=%2Fwp%2Fv2%2Fcomments&post=611"}],"version-history":[{"count":9,"href":"https:\/\/connysdesign.de\/index.php?rest_route=\/wp\/v2\/pages\/611\/revisions"}],"predecessor-version":[{"id":651,"href":"https:\/\/connysdesign.de\/index.php?rest_route=\/wp\/v2\/pages\/611\/revisions\/651"}],"wp:attachment":[{"href":"https:\/\/connysdesign.de\/index.php?rest_route=%2Fwp%2Fv2%2Fmedia&parent=611"}],"curies":[{"name":"wp","href":"https:\/\/api.w.org\/{rel}","templated":true}]}}