{"id":588,"date":"2018-01-21T16:17:30","date_gmt":"2018-01-21T15:17:30","guid":{"rendered":"https:\/\/connysdesign.de\/?page_id=588"},"modified":"2025-09-10T16:17:55","modified_gmt":"2025-09-10T14:17:55","slug":"agb","status":"publish","type":"page","link":"https:\/\/connysdesign.de\/?page_id=588","title":{"rendered":"AGB"},"content":{"rendered":"<h1>Allgemeine Gesch\u00e4ftsbedingungen<\/h1>\n<h2>\u00a7 1 Geltung der Bedingungen<\/h2>\n<p>Die Leistungen und Angebote erfolgen, soweit nicht anderweitig schriftlich vereinbart, aufgrund dieser Gesch\u00e4ftsbedingungen. Diese gelten somit f\u00fcr alle k\u00fcnftigen Gesch\u00e4ftsbeziehungen, auch wenn sie nicht nochmals ausdr\u00fccklich vereinbart werden.<\/p>\n<h2>\u00a7 2 Vertragsabschluss, Kostenvoranschl\u00e4ge<\/h2>\n<p>(1) In Prospekten, Anzeigen usw. enthaltene Angebote sind auch bez\u00fcglich der Preisangaben freibleibend und unverbindlich. An speziell ausgearbeitete Kostenvoranschl\u00e4ge h\u00e4lt sich der Auftragnehmer 30 Kalendertage gebunden.<\/p>\n<p>(2) Erteilte Auftr\u00e4ge bed\u00fcrfen zur Rechtswirksamkeit der schriftlichen Best\u00e4tigung durch den <span style=\"display: inline !important; float: none; background-color: transparent; color: #333333; cursor: text; font-family: 'Libre Franklin','Helvetica Neue',helvetica,arial,sans-serif; font-size: 16px; font-style: normal; font-variant: normal; font-weight: 400; letter-spacing: normal; orphans: 2; text-align: left; text-decoration: none; text-indent: 0px; text-transform: none; -webkit-text-stroke-width: 0px; white-space: normal; word-spacing: 0px;\">Auftragnehmer<\/span>.<\/p>\n<p>(3) M\u00fcndliche Nebenabreden, \u00c4nderungen und Erg\u00e4nzungen, die in Abweichung zum urspr\u00fcnglichen Angebot stehen, sind nur g\u00fcltig, wenn sie vom Auftragnehmer schriftlich best\u00e4tigt wurden.<\/p>\n<p>(4) Von Kostenvoranschl\u00e4gen nicht erfasst sind Arbeiten, die \u00fcber den urspr\u00fcnglichen Auftragsumfang hinausgehen; solche Arbeiten werden gesondert berechnet.<\/p>\n<h2>\u00a7 3 Preise<\/h2>\n<p>Kostenvoranschl\u00e4ge werden aufgrund der jeweiligen Vereinbarung mit dem Auftraggeber vom Auftragnehmer erstellt. Der Auftragnehmer beh\u00e4lt sich vor, diese Vereinbarung bei nicht vorhersehbaren Entwicklungen oder \u00c4nderungen des Auftragsumfangs seitens des Auftraggebers jederzeit anzupassen oder zu \u00e4ndern. Dem Auftraggeber wird die M\u00f6glichkeit einger\u00e4umt, die aktuellen Preise jederzeit zu erfragen und beim Auftragnehmer einzusehen. F\u00fcr den einzelnen Vertrag gelten im \u00fcbrigen die Vereinbarungen lt. Kostenvoranschlag. Je nach Auftragsart bzw. Auftragsvolumen ist der Auftragnehmer berechtigt, eine pauschale Abgeltung von Mehrarbeiten, welche nicht durch den Kostenvoranschlag erfasst sind, in H\u00f6he von 15% des Honorars zu veranschlagen.<\/p>\n<h2>\u00a7 4 Termine<\/h2>\n<p>(1) Terminsvereinbarungen jeglicher Art, insbesondere Fertigstellungstermine, bed\u00fcrfen zu ihrer Wirksamkeit der schriftlichen Best\u00e4tigung durch den Auftragnehmer.<\/p>\n<p>(2) Verz\u00f6gerungen, die darauf beruhen, dass z.B. zu bearbeitende Dokumente bzw. Materialien oder zu verwertende Informationen nicht den vereinbarten Anforderungen entsprechend beigebracht werden, gehen nicht zu Lasten des Auftragnehmers. Der Auftragnehmer wird in den vorgenannten F\u00e4llen dem Auftraggeber die behindernden M\u00e4ngel unverz\u00fcglich schriftlich anzeigen.<\/p>\n<p>(3) F\u00fcr nachweislich vom Auftragnehmer zu vertretende Verz\u00f6gerungen wird die Dauer der vom Auftraggeber zugunsten des Auftragnehmers einzur\u00e4umenden Nachfrist auf 2 Wochen festgelegt. Sollte aufgrund des Umfangs der zu erstellenden Arbeiten die Einhaltung dieser Frist aus tats\u00e4chlichen Gr\u00fcnden unm\u00f6glich sein, so gilt eine angemessene Verl\u00e4ngerung als stillschweigend vereinbart.<\/p>\n<h2>\u00a7 5 Leistungsort<\/h2>\n<p>(1) Leistungs\u0096 und Erfolgsort ist der Ort, an dem der Auftragnehmer sein Gewerbe betreibt.<\/p>\n<p>(2) Soweit gesetzlich zul\u00e4ssig, ist Worms ausschlie\u00dflicher Gerichtsstand f\u00fcr alle sich aus dem Vertragsverh\u00e4ltnis unmittelbar oder mittelbar ergebenden Streitigkeiten.<\/p>\n<p>(3) Die Abgabe der Arbeiten an den Auftraggeber erfolgt seitens des Auftragnehmers in dessen Gesch\u00e4ftsr\u00e4umen oder in den Gesch\u00e4ftsr\u00e4umen des Auftraggebers. Sofern die Abgabe der Arbeiten aufgrund ausdr\u00fccklicher Weisung des Auftraggebers per Email oder per Post, Paketdienst oder sonstigem Zustelldienst erfolgt, \u00fcbernimmt der Auftragnehmer keine Gew\u00e4hr f\u00fcr die komplette und schadensfreie \u00dcbermittlung der Arbeiten, insbesondere auch keine Gew\u00e4hr f\u00fcr die Einhaltung der datenschutzrechtlichen Bestimmungen.<\/p>\n<h2>\u00a7 6 Gew\u00e4hrleistung<\/h2>\n<p>(1) Sind die Arbeiten mangelhaft ausgef\u00fchrt oder fehlen ihnen zugesicherte Eigenschaften, so ist der Auftragnehmer nach seiner Wahl unter Ausschluss sonstiger Gew\u00e4hrleistungsanspr\u00fcche des Auftraggebers zum Ersatz oder zur Nachbesserung berechtigt.<\/p>\n<p>(2) Schl\u00e4gt die Nachbesserung nach angemessener Frist fehl, kann der Auftraggeber nach seiner Wahl Herabsetzung der Verg\u00fctung oder R\u00fcckg\u00e4ngigmachung des Vertrages verlangen.<\/p>\n<p>(3) Offensichtliche M\u00e4ngel m\u00fcssen dem Auftragnehmer in jedem Fall unverz\u00fcglich, sp\u00e4testens jedoch innerhalb von 2 Wochen nach Erhalt der Arbeiten, schriftlich mitgeteilt werden. Die mangelhaften Arbeiten sind dem Auftragnehmer in dem Zustand, in dem sie sich im Zeitpunkt der Feststellung des Mangels befinden, zu \u00fcbergeben.<\/p>\n<p>(4) \u00dcberlassene Datentr\u00e4ger sind unverz\u00fcglich nach Erhalt auf deren technisch einwandfreien Zustand zu \u00fcberpr\u00fcfen; M\u00e4ngel sind unverz\u00fcglich anzuzeigen. Ein Versto\u00df gegen die vorstehenden Verpflichtungen schlie\u00dft jegliche Gew\u00e4hrleistungsanspr\u00fcche gegen\u00fcber dem Auftragnehmer aus.<\/p>\n<h2>\u00a7 7 Haftungsbegrenzung<\/h2>\n<p>Schadensersatzanspr\u00fcche aus positiver Forderungsverletzung, aus Verschulden bei Vertragsabschluss und aus unerlaubter Handlung sind sowohl gegen den Auftragnehmer als auch gegen dessen Erf\u00fcllungs- bzw. Verrichtungsgehilfen ausgeschlossen, soweit der Schaden nicht auf grober Fahrl\u00e4ssigkeit beruht. Im \u00fcbrigen gelten vorrangig die schriftlichen Vereinbarungen des Auftragnehmers bei \u00dcbergabe der Arbeiten. Bei der \u00dcbergabe sensibler Datens\u00e4tze, die dem Auftraggeber nur in einfacher Form vorliegen, setzt der Auftragnehmer voraus, dass der Auftraggeber hiervon entweder nur Kopien an den Auftragnehmer weiterleitet oder entsprechende Ablichtungen zur eigenen Sicherheit in seinen Unterlagen bereith\u00e4lt.<\/p>\n<h2>\u00a7 8 Eigentumsvorbehalt<\/h2>\n<p>Der Auftragnehmer beh\u00e4lt sich das Eigentum an dem Auftragsgegenstand bis zur Erf\u00fcllung aller Forderungen des Auftragnehmers gegen den Auftraggeber vor.<\/p>\n<h2>\u00a7 9 Zahlung<\/h2>\n<p>(1) Die Verg\u00fctung wird, unabh\u00e4ngig von einem vereinbarten Zahlungstermin oder von der Laufzeit hereingenommener und gutgeschriebener Wechsel, sofort f\u00e4llig, wenn die Zahlungsbedingungen nicht eingehalten oder Umst\u00e4nde bekannt werden, die nach pflichtgem\u00e4\u00dfem Ermessen des Auftragnehmers geeignet sind, die Kreditw\u00fcrdigkeit des Auftraggebers zu mindern. Alle Zahlungen haben direkt an den Auftragnehmer zu erfolgen, Vertreter sind ohne schriftliche Vollmacht des Auftragnehmers nicht zur Entgegennahme von Geld oder sonstigen Zahlungsmitteln berechtigt. Eine Zahlung gilt erst dann als erfolgt, wenn der Auftragnehmer \u00fcber den Betrag verf\u00fcgen kann.<\/p>\n<p>(2) Die Verg\u00fctung ist grunds\u00e4tzlich nach Abschluss der Arbeiten f\u00e4llig und \u0096falls nicht schriftlich anderweitig vereinbart sofort zu zahlen.<\/p>\n<p>(3) Der Auftragnehmer ist berechtigt, einen angemessenen Kostenvorschuss in H\u00f6he von bis zu 50% der zu erwartenden Auftragssumme bereits bei Erteilung des Auftrages einzufordern.<\/p>\n<p>(4) Der Auftragnehmer ist trotz anders lautender Bestimmungen des Auftraggebers berechtigt, Zahlungen zun\u00e4chst auf dessen \u00e4ltere Schulden anzurechnen und wird den Auftraggeber \u00fcber die Art der erfolgten Verrechnung informieren. Sind bereits Kosten und Zinsen entstanden, so ist der Auftragnehmer berechtigt, die Zahlung zun\u00e4chst auf die Kosten, dann auf die Zinsen und zuletzt auf die Hauptleistung anzurechnen.<\/p>\n<p>(5) Der Auftraggeber ist zur Aufrechnung, Zur\u00fcckhaltung oder Minderung, auch wenn M\u00e4ngelr\u00fcgen oder Gegenanspr\u00fcche geltend gemacht werden, nur berechtigt, wenn die Gegenanspr\u00fcche rechtskr\u00e4ftig festgestellt wurden oder unstreitig sind.<\/p>\n<p>(6) F\u00fcr den Fall der Nichterf\u00fcllung des Vertrages durch den Auftraggeber, insbesondere seines R\u00fccktritts vom Vertrag, ist der Auftragnehmer berechtigt, 50% der Angebotssumme zzgl. der g\u00fcltigen gesetzlichen Mehrwertsteuer sowie nachgewiesener verauslagter Abwicklungskosten, Materialkosten und sonstiger entstandener Auslagen als Schadensersatz zu fordern. Den Vertragsparteien bleibt es unbenommen, im Einzelfall einen geringeren oder h\u00f6heren Schaden nachzuweisen.<\/p>\n<h2>\u00a7 10 Vervielf\u00e4ltigung<\/h2>\n<p>Das Recht zur Vervielf\u00e4ltigung der vom Auftragnehmer ausgef\u00fchrten Arbeiten steht, soweit nicht anderweitig vereinbart, ausschlie\u00dflich dem Auftragnehmer zu.<\/p>\n<h2>\u00a7 11 Schiedsverfahren<\/h2>\n<p>Wir nehmen nicht an einem Streitbeilegungsverfahren vor einer Verbraucherschlichtungsstelle teil.<\/p>\n<p>Das Gesetzes \u00fcber die alternative Streitbeilegung in Verbrauchersachen fordert aber, dass wir trotzdem auf eine f\u00fcr Auftraggeber zust\u00e4ndige Verbraucherschlichtungsstelle hinweisen:<\/p>\n<p>Allgemeine Verbraucherschlichtungsstelle des Zentrums f\u00fcr Schlichtung e. V.<br \/>\nStra\u00dfburger Str. 8<br \/>\n77694 Kehl<\/p>\n<p>www.verbraucher-schlichter.de<\/p>\n<h2>\u00a7 12 Anwendbares Recht<\/h2>\n<p>F\u00fcr die Allgemeinen Gesch\u00e4ftsbedingungen sowie die gesamte Rechtsbeziehung zwischen dem Auftragnehmer und dem Auftraggeber gilt das Recht der Bundesrepublik Deutschland.<\/p>\n<h2>\u00a7 13 Salvatorische Klausel<\/h2>\n<p>Sollte eine Bestimmung dieser Allgemeinen Gesch\u00e4ftsbedingungen oder eine Bestimmung im Rahmen sonstiger Vereinbarungen unwirksam sein oder werden, so wird hiervon die Wirksamkeit aller sonstigen Bestimmungen oder Vereinbarungen nicht ber\u00fchrt.<\/p>\n<h2>Stand: 01.01.2025<\/h2>\n<h2><a href=\"https:\/\/connysdesign.de\/pdf\/agb.pdf\" target=\"_blank\" rel=\"noopener noreferrer\">PDF-Download<\/a><\/h2>\n","protected":false},"excerpt":{"rendered":"<p>Allgemeine Gesch\u00e4ftsbedingungen \u00a7 1 Geltung der Bedingungen Die Leistungen und Angebote erfolgen, soweit nicht anderweitig schriftlich vereinbart, aufgrund dieser Gesch\u00e4ftsbedingungen. Diese gelten somit f\u00fcr alle k\u00fcnftigen Gesch\u00e4ftsbeziehungen, auch wenn sie nicht nochmals ausdr\u00fccklich vereinbart werden. \u00a7 2 Vertragsabschluss, Kostenvoranschl\u00e4ge (1) In Prospekten, Anzeigen usw. enthaltene Angebote sind auch bez\u00fcglich der Preisangaben freibleibend und unverbindlich. An &hellip; <\/p>\n<p class=\"link-more\"><a href=\"https:\/\/connysdesign.de\/?page_id=588\" class=\"more-link\"><span class=\"screen-reader-text\">\u201eAGB\u201c<\/span> weiterlesen<\/a><\/p>\n","protected":false},"author":1,"featured_media":0,"parent":0,"menu_order":0,"comment_status":"closed","ping_status":"closed","template":"","meta":{"footnotes":""},"class_list":["post-588","page","type-page","status-publish","hentry"],"yoast_head":"<!-- This site is optimized with the Yoast SEO plugin v27.0 - https:\/\/yoast.com\/product\/yoast-seo-wordpress\/ -->\n<title>AGB - Connys Webdesign<\/title>\n<meta name=\"robots\" content=\"index, follow, max-snippet:-1, max-image-preview:large, max-video-preview:-1\" \/>\n<link rel=\"canonical\" href=\"https:\/\/connysdesign.de\/?page_id=588\" \/>\n<meta property=\"og:locale\" content=\"de_DE\" \/>\n<meta property=\"og:type\" content=\"article\" \/>\n<meta property=\"og:title\" content=\"AGB - Connys Webdesign\" \/>\n<meta property=\"og:description\" content=\"Allgemeine Gesch\u00e4ftsbedingungen \u00a7 1 Geltung der Bedingungen Die Leistungen und Angebote erfolgen, soweit nicht anderweitig schriftlich vereinbart, aufgrund dieser Gesch\u00e4ftsbedingungen. Diese gelten somit f\u00fcr alle k\u00fcnftigen Gesch\u00e4ftsbeziehungen, auch wenn sie nicht nochmals ausdr\u00fccklich vereinbart werden. \u00a7 2 Vertragsabschluss, Kostenvoranschl\u00e4ge (1) In Prospekten, Anzeigen usw. enthaltene Angebote sind auch bez\u00fcglich der Preisangaben freibleibend und unverbindlich. An &hellip; \u201eAGB\u201c weiterlesen\" \/>\n<meta property=\"og:url\" content=\"https:\/\/connysdesign.de\/?page_id=588\" \/>\n<meta property=\"og:site_name\" content=\"Connys Webdesign\" \/>\n<meta property=\"article:publisher\" content=\"https:\/\/www.facebook.com\/?ref=tn_tnmn\" \/>\n<meta property=\"article:modified_time\" content=\"2025-09-10T14:17:55+00:00\" \/>\n<meta name=\"twitter:card\" content=\"summary_large_image\" \/>\n<meta name=\"twitter:label1\" content=\"Gesch\u00e4tzte Lesezeit\" \/>\n\t<meta name=\"twitter:data1\" content=\"6\u00a0Minuten\" \/>\n<script type=\"application\/ld+json\" class=\"yoast-schema-graph\">{\"@context\":\"https:\/\/schema.org\",\"@graph\":[{\"@type\":\"WebPage\",\"@id\":\"https:\/\/connysdesign.de\/?page_id=588\",\"url\":\"https:\/\/connysdesign.de\/?page_id=588\",\"name\":\"AGB - Connys Webdesign\",\"isPartOf\":{\"@id\":\"https:\/\/connysdesign.de\/#website\"},\"datePublished\":\"2018-01-21T15:17:30+00:00\",\"dateModified\":\"2025-09-10T14:17:55+00:00\",\"breadcrumb\":{\"@id\":\"https:\/\/connysdesign.de\/?page_id=588#breadcrumb\"},\"inLanguage\":\"de\",\"potentialAction\":[{\"@type\":\"ReadAction\",\"target\":[\"https:\/\/connysdesign.de\/?page_id=588\"]}]},{\"@type\":\"BreadcrumbList\",\"@id\":\"https:\/\/connysdesign.de\/?page_id=588#breadcrumb\",\"itemListElement\":[{\"@type\":\"ListItem\",\"position\":1,\"name\":\"Startseite\",\"item\":\"https:\/\/connysdesign.de\/\"},{\"@type\":\"ListItem\",\"position\":2,\"name\":\"AGB\"}]},{\"@type\":\"WebSite\",\"@id\":\"https:\/\/connysdesign.de\/#website\",\"url\":\"https:\/\/connysdesign.de\/\",\"name\":\"Connys Webdesign\",\"description\":\"Homepage modern und schnell\",\"publisher\":{\"@id\":\"https:\/\/connysdesign.de\/#organization\"},\"potentialAction\":[{\"@type\":\"SearchAction\",\"target\":{\"@type\":\"EntryPoint\",\"urlTemplate\":\"https:\/\/connysdesign.de\/?s={search_term_string}\"},\"query-input\":{\"@type\":\"PropertyValueSpecification\",\"valueRequired\":true,\"valueName\":\"search_term_string\"}}],\"inLanguage\":\"de\"},{\"@type\":\"Organization\",\"@id\":\"https:\/\/connysdesign.de\/#organization\",\"name\":\"Connys Webdesign\",\"url\":\"https:\/\/connysdesign.de\/\",\"logo\":{\"@type\":\"ImageObject\",\"inLanguage\":\"de\",\"@id\":\"https:\/\/connysdesign.de\/#\/schema\/logo\/image\/\",\"url\":\"https:\/\/connysdesign.de\/wp-content\/uploads\/2017\/04\/customer_app.jpg\",\"contentUrl\":\"https:\/\/connysdesign.de\/wp-content\/uploads\/2017\/04\/customer_app.jpg\",\"width\":554,\"height\":554,\"caption\":\"Connys Webdesign\"},\"image\":{\"@id\":\"https:\/\/connysdesign.de\/#\/schema\/logo\/image\/\"},\"sameAs\":[\"https:\/\/www.facebook.com\/?ref=tn_tnmn\"]}]}<\/script>\n<!-- \/ Yoast SEO plugin. -->","yoast_head_json":{"title":"AGB - Connys Webdesign","robots":{"index":"index","follow":"follow","max-snippet":"max-snippet:-1","max-image-preview":"max-image-preview:large","max-video-preview":"max-video-preview:-1"},"canonical":"https:\/\/connysdesign.de\/?page_id=588","og_locale":"de_DE","og_type":"article","og_title":"AGB - Connys Webdesign","og_description":"Allgemeine Gesch\u00e4ftsbedingungen \u00a7 1 Geltung der Bedingungen Die Leistungen und Angebote erfolgen, soweit nicht anderweitig schriftlich vereinbart, aufgrund dieser Gesch\u00e4ftsbedingungen. Diese gelten somit f\u00fcr alle k\u00fcnftigen Gesch\u00e4ftsbeziehungen, auch wenn sie nicht nochmals ausdr\u00fccklich vereinbart werden. \u00a7 2 Vertragsabschluss, Kostenvoranschl\u00e4ge (1) In Prospekten, Anzeigen usw. enthaltene Angebote sind auch bez\u00fcglich der Preisangaben freibleibend und unverbindlich. An &hellip; \u201eAGB\u201c weiterlesen","og_url":"https:\/\/connysdesign.de\/?page_id=588","og_site_name":"Connys Webdesign","article_publisher":"https:\/\/www.facebook.com\/?ref=tn_tnmn","article_modified_time":"2025-09-10T14:17:55+00:00","twitter_card":"summary_large_image","twitter_misc":{"Gesch\u00e4tzte Lesezeit":"6\u00a0Minuten"},"schema":{"@context":"https:\/\/schema.org","@graph":[{"@type":"WebPage","@id":"https:\/\/connysdesign.de\/?page_id=588","url":"https:\/\/connysdesign.de\/?page_id=588","name":"AGB - Connys Webdesign","isPartOf":{"@id":"https:\/\/connysdesign.de\/#website"},"datePublished":"2018-01-21T15:17:30+00:00","dateModified":"2025-09-10T14:17:55+00:00","breadcrumb":{"@id":"https:\/\/connysdesign.de\/?page_id=588#breadcrumb"},"inLanguage":"de","potentialAction":[{"@type":"ReadAction","target":["https:\/\/connysdesign.de\/?page_id=588"]}]},{"@type":"BreadcrumbList","@id":"https:\/\/connysdesign.de\/?page_id=588#breadcrumb","itemListElement":[{"@type":"ListItem","position":1,"name":"Startseite","item":"https:\/\/connysdesign.de\/"},{"@type":"ListItem","position":2,"name":"AGB"}]},{"@type":"WebSite","@id":"https:\/\/connysdesign.de\/#website","url":"https:\/\/connysdesign.de\/","name":"Connys Webdesign","description":"Homepage modern und schnell","publisher":{"@id":"https:\/\/connysdesign.de\/#organization"},"potentialAction":[{"@type":"SearchAction","target":{"@type":"EntryPoint","urlTemplate":"https:\/\/connysdesign.de\/?s={search_term_string}"},"query-input":{"@type":"PropertyValueSpecification","valueRequired":true,"valueName":"search_term_string"}}],"inLanguage":"de"},{"@type":"Organization","@id":"https:\/\/connysdesign.de\/#organization","name":"Connys Webdesign","url":"https:\/\/connysdesign.de\/","logo":{"@type":"ImageObject","inLanguage":"de","@id":"https:\/\/connysdesign.de\/#\/schema\/logo\/image\/","url":"https:\/\/connysdesign.de\/wp-content\/uploads\/2017\/04\/customer_app.jpg","contentUrl":"https:\/\/connysdesign.de\/wp-content\/uploads\/2017\/04\/customer_app.jpg","width":554,"height":554,"caption":"Connys Webdesign"},"image":{"@id":"https:\/\/connysdesign.de\/#\/schema\/logo\/image\/"},"sameAs":["https:\/\/www.facebook.com\/?ref=tn_tnmn"]}]}},"_links":{"self":[{"href":"https:\/\/connysdesign.de\/index.php?rest_route=\/wp\/v2\/pages\/588","targetHints":{"allow":["GET"]}}],"collection":[{"href":"https:\/\/connysdesign.de\/index.php?rest_route=\/wp\/v2\/pages"}],"about":[{"href":"https:\/\/connysdesign.de\/index.php?rest_route=\/wp\/v2\/types\/page"}],"author":[{"embeddable":true,"href":"https:\/\/connysdesign.de\/index.php?rest_route=\/wp\/v2\/users\/1"}],"replies":[{"embeddable":true,"href":"https:\/\/connysdesign.de\/index.php?rest_route=%2Fwp%2Fv2%2Fcomments&post=588"}],"version-history":[{"count":15,"href":"https:\/\/connysdesign.de\/index.php?rest_route=\/wp\/v2\/pages\/588\/revisions"}],"predecessor-version":[{"id":1842,"href":"https:\/\/connysdesign.de\/index.php?rest_route=\/wp\/v2\/pages\/588\/revisions\/1842"}],"wp:attachment":[{"href":"https:\/\/connysdesign.de\/index.php?rest_route=%2Fwp%2Fv2%2Fmedia&parent=588"}],"curies":[{"name":"wp","href":"https:\/\/api.w.org\/{rel}","templated":true}]}}