{"id":57,"date":"2017-04-24T17:19:07","date_gmt":"2017-04-24T17:19:07","guid":{"rendered":"https:\/\/connysdesign.de\/?page_id=57"},"modified":"2019-01-03T15:57:27","modified_gmt":"2019-01-03T14:57:27","slug":"recht","status":"publish","type":"page","link":"https:\/\/connysdesign.de\/?page_id=57","title":{"rendered":"Recht"},"content":{"rendered":"<p>Webseitenbetreiber m\u00fcssen eine Vielzahl von Vorschriften \u200ebeachten und sind stets bem\u00fcht, die Grundregeln zu beachten und keine Vorschriften zu verletzen.<\/p>\n<p>Die rechtlichen Hinweise auf dieser Webseite erheben keinerlei Anspruch auf Vollst\u00e4ndigkeit. F\u00fcr die Richtigkeit der Angaben kann daher keine Haftung \u00fcbernommen werden.<\/p>\n<p><a href=\"https:\/\/connysdesign.de\/?page_id=588\">AGB<\/a><\/p>\n<p><a href=\"https:\/\/connysdesign.de\/?page_id=59\">Datenschutz<\/a><\/p>\n<p><a href=\"https:\/\/connysdesign.de\/?page_id=61\">Nutzungshinweise<\/a><\/p>\n<p><a href=\"https:\/\/connysdesign.de\/?page_id=63\">Bildnachweis<\/a><\/p>\n<p><a href=\"https:\/\/connysdesign.de\/?page_id=10\"><img loading=\"lazy\" decoding=\"async\" class=\"alignnone size-medium wp-image-946\" src=\"https:\/\/connysdesign.de\/wp-content\/uploads\/2018\/05\/datenkrake-300x225.jpg\" alt=\"\" width=\"300\" height=\"225\" srcset=\"https:\/\/connysdesign.de\/wp-content\/uploads\/2018\/05\/datenkrake-300x225.jpg 300w, https:\/\/connysdesign.de\/wp-content\/uploads\/2018\/05\/datenkrake-768x576.jpg 768w, https:\/\/connysdesign.de\/wp-content\/uploads\/2018\/05\/datenkrake-1024x768.jpg 1024w\" sizes=\"auto, (max-width: 300px) 100vw, 300px\" \/><\/a><\/p>\n","protected":false},"excerpt":{"rendered":"<p>Webseitenbetreiber m\u00fcssen eine Vielzahl von Vorschriften \u200ebeachten und sind stets bem\u00fcht, die Grundregeln zu beachten und keine Vorschriften zu verletzen. Die rechtlichen Hinweise auf dieser Webseite erheben keinerlei Anspruch auf Vollst\u00e4ndigkeit. F\u00fcr die Richtigkeit der Angaben kann daher keine Haftung \u00fcbernommen werden. AGB Datenschutz Nutzungshinweise Bildnachweis<\/p>\n","protected":false},"author":1,"featured_media":0,"parent":0,"menu_order":0,"comment_status":"closed","ping_status":"closed","template":"","meta":{"footnotes":""},"class_list":["post-57","page","type-page","status-publish","hentry"],"yoast_head":"<!-- This site is optimized with the Yoast SEO plugin v27.0 - https:\/\/yoast.com\/product\/yoast-seo-wordpress\/ -->\n<title>Recht - Connys Webdesign<\/title>\n<meta name=\"robots\" content=\"index, follow, max-snippet:-1, max-image-preview:large, max-video-preview:-1\" \/>\n<link rel=\"canonical\" href=\"https:\/\/connysdesign.de\/?page_id=57\" \/>\n<meta property=\"og:locale\" content=\"de_DE\" \/>\n<meta property=\"og:type\" content=\"article\" \/>\n<meta property=\"og:title\" content=\"Recht - Connys Webdesign\" \/>\n<meta property=\"og:description\" content=\"Webseitenbetreiber m\u00fcssen eine Vielzahl von Vorschriften \u200ebeachten und sind stets bem\u00fcht, die Grundregeln zu beachten und keine Vorschriften zu verletzen. Die rechtlichen Hinweise auf dieser Webseite erheben keinerlei Anspruch auf Vollst\u00e4ndigkeit. F\u00fcr die Richtigkeit der Angaben kann daher keine Haftung \u00fcbernommen werden. AGB Datenschutz Nutzungshinweise Bildnachweis\" \/>\n<meta property=\"og:url\" content=\"https:\/\/connysdesign.de\/?page_id=57\" \/>\n<meta property=\"og:site_name\" content=\"Connys Webdesign\" \/>\n<meta property=\"article:publisher\" content=\"https:\/\/www.facebook.com\/?ref=tn_tnmn\" \/>\n<meta property=\"article:modified_time\" content=\"2019-01-03T14:57:27+00:00\" \/>\n<meta property=\"og:image\" content=\"https:\/\/connysdesign.de\/wp-content\/uploads\/2018\/05\/datenkrake-300x225.jpg\" \/>\n<meta name=\"twitter:card\" content=\"summary_large_image\" \/>\n<script type=\"application\/ld+json\" class=\"yoast-schema-graph\">{\"@context\":\"https:\/\/schema.org\",\"@graph\":[{\"@type\":\"WebPage\",\"@id\":\"https:\/\/connysdesign.de\/?page_id=57\",\"url\":\"https:\/\/connysdesign.de\/?page_id=57\",\"name\":\"Recht - Connys Webdesign\",\"isPartOf\":{\"@id\":\"https:\/\/connysdesign.de\/#website\"},\"primaryImageOfPage\":{\"@id\":\"https:\/\/connysdesign.de\/?page_id=57#primaryimage\"},\"image\":{\"@id\":\"https:\/\/connysdesign.de\/?page_id=57#primaryimage\"},\"thumbnailUrl\":\"https:\/\/connysdesign.de\/wp-content\/uploads\/2018\/05\/datenkrake-300x225.jpg\",\"datePublished\":\"2017-04-24T17:19:07+00:00\",\"dateModified\":\"2019-01-03T14:57:27+00:00\",\"breadcrumb\":{\"@id\":\"https:\/\/connysdesign.de\/?page_id=57#breadcrumb\"},\"inLanguage\":\"de\",\"potentialAction\":[{\"@type\":\"ReadAction\",\"target\":[\"https:\/\/connysdesign.de\/?page_id=57\"]}]},{\"@type\":\"ImageObject\",\"inLanguage\":\"de\",\"@id\":\"https:\/\/connysdesign.de\/?page_id=57#primaryimage\",\"url\":\"https:\/\/connysdesign.de\/wp-content\/uploads\/2018\/05\/datenkrake.jpg\",\"contentUrl\":\"https:\/\/connysdesign.de\/wp-content\/uploads\/2018\/05\/datenkrake.jpg\",\"width\":4032,\"height\":3024},{\"@type\":\"BreadcrumbList\",\"@id\":\"https:\/\/connysdesign.de\/?page_id=57#breadcrumb\",\"itemListElement\":[{\"@type\":\"ListItem\",\"position\":1,\"name\":\"Startseite\",\"item\":\"https:\/\/connysdesign.de\/\"},{\"@type\":\"ListItem\",\"position\":2,\"name\":\"Recht\"}]},{\"@type\":\"WebSite\",\"@id\":\"https:\/\/connysdesign.de\/#website\",\"url\":\"https:\/\/connysdesign.de\/\",\"name\":\"Connys Webdesign\",\"description\":\"Homepage modern und schnell\",\"publisher\":{\"@id\":\"https:\/\/connysdesign.de\/#organization\"},\"potentialAction\":[{\"@type\":\"SearchAction\",\"target\":{\"@type\":\"EntryPoint\",\"urlTemplate\":\"https:\/\/connysdesign.de\/?s={search_term_string}\"},\"query-input\":{\"@type\":\"PropertyValueSpecification\",\"valueRequired\":true,\"valueName\":\"search_term_string\"}}],\"inLanguage\":\"de\"},{\"@type\":\"Organization\",\"@id\":\"https:\/\/connysdesign.de\/#organization\",\"name\":\"Connys Webdesign\",\"url\":\"https:\/\/connysdesign.de\/\",\"logo\":{\"@type\":\"ImageObject\",\"inLanguage\":\"de\",\"@id\":\"https:\/\/connysdesign.de\/#\/schema\/logo\/image\/\",\"url\":\"https:\/\/connysdesign.de\/wp-content\/uploads\/2017\/04\/customer_app.jpg\",\"contentUrl\":\"https:\/\/connysdesign.de\/wp-content\/uploads\/2017\/04\/customer_app.jpg\",\"width\":554,\"height\":554,\"caption\":\"Connys Webdesign\"},\"image\":{\"@id\":\"https:\/\/connysdesign.de\/#\/schema\/logo\/image\/\"},\"sameAs\":[\"https:\/\/www.facebook.com\/?ref=tn_tnmn\"]}]}<\/script>\n<!-- \/ Yoast SEO plugin. -->","yoast_head_json":{"title":"Recht - Connys Webdesign","robots":{"index":"index","follow":"follow","max-snippet":"max-snippet:-1","max-image-preview":"max-image-preview:large","max-video-preview":"max-video-preview:-1"},"canonical":"https:\/\/connysdesign.de\/?page_id=57","og_locale":"de_DE","og_type":"article","og_title":"Recht - Connys Webdesign","og_description":"Webseitenbetreiber m\u00fcssen eine Vielzahl von Vorschriften \u200ebeachten und sind stets bem\u00fcht, die Grundregeln zu beachten und keine Vorschriften zu verletzen. Die rechtlichen Hinweise auf dieser Webseite erheben keinerlei Anspruch auf Vollst\u00e4ndigkeit. F\u00fcr die Richtigkeit der Angaben kann daher keine Haftung \u00fcbernommen werden. AGB Datenschutz Nutzungshinweise Bildnachweis","og_url":"https:\/\/connysdesign.de\/?page_id=57","og_site_name":"Connys Webdesign","article_publisher":"https:\/\/www.facebook.com\/?ref=tn_tnmn","article_modified_time":"2019-01-03T14:57:27+00:00","og_image":[{"url":"https:\/\/connysdesign.de\/wp-content\/uploads\/2018\/05\/datenkrake-300x225.jpg","type":"","width":"","height":""}],"twitter_card":"summary_large_image","schema":{"@context":"https:\/\/schema.org","@graph":[{"@type":"WebPage","@id":"https:\/\/connysdesign.de\/?page_id=57","url":"https:\/\/connysdesign.de\/?page_id=57","name":"Recht - Connys Webdesign","isPartOf":{"@id":"https:\/\/connysdesign.de\/#website"},"primaryImageOfPage":{"@id":"https:\/\/connysdesign.de\/?page_id=57#primaryimage"},"image":{"@id":"https:\/\/connysdesign.de\/?page_id=57#primaryimage"},"thumbnailUrl":"https:\/\/connysdesign.de\/wp-content\/uploads\/2018\/05\/datenkrake-300x225.jpg","datePublished":"2017-04-24T17:19:07+00:00","dateModified":"2019-01-03T14:57:27+00:00","breadcrumb":{"@id":"https:\/\/connysdesign.de\/?page_id=57#breadcrumb"},"inLanguage":"de","potentialAction":[{"@type":"ReadAction","target":["https:\/\/connysdesign.de\/?page_id=57"]}]},{"@type":"ImageObject","inLanguage":"de","@id":"https:\/\/connysdesign.de\/?page_id=57#primaryimage","url":"https:\/\/connysdesign.de\/wp-content\/uploads\/2018\/05\/datenkrake.jpg","contentUrl":"https:\/\/connysdesign.de\/wp-content\/uploads\/2018\/05\/datenkrake.jpg","width":4032,"height":3024},{"@type":"BreadcrumbList","@id":"https:\/\/connysdesign.de\/?page_id=57#breadcrumb","itemListElement":[{"@type":"ListItem","position":1,"name":"Startseite","item":"https:\/\/connysdesign.de\/"},{"@type":"ListItem","position":2,"name":"Recht"}]},{"@type":"WebSite","@id":"https:\/\/connysdesign.de\/#website","url":"https:\/\/connysdesign.de\/","name":"Connys Webdesign","description":"Homepage modern und schnell","publisher":{"@id":"https:\/\/connysdesign.de\/#organization"},"potentialAction":[{"@type":"SearchAction","target":{"@type":"EntryPoint","urlTemplate":"https:\/\/connysdesign.de\/?s={search_term_string}"},"query-input":{"@type":"PropertyValueSpecification","valueRequired":true,"valueName":"search_term_string"}}],"inLanguage":"de"},{"@type":"Organization","@id":"https:\/\/connysdesign.de\/#organization","name":"Connys Webdesign","url":"https:\/\/connysdesign.de\/","logo":{"@type":"ImageObject","inLanguage":"de","@id":"https:\/\/connysdesign.de\/#\/schema\/logo\/image\/","url":"https:\/\/connysdesign.de\/wp-content\/uploads\/2017\/04\/customer_app.jpg","contentUrl":"https:\/\/connysdesign.de\/wp-content\/uploads\/2017\/04\/customer_app.jpg","width":554,"height":554,"caption":"Connys Webdesign"},"image":{"@id":"https:\/\/connysdesign.de\/#\/schema\/logo\/image\/"},"sameAs":["https:\/\/www.facebook.com\/?ref=tn_tnmn"]}]}},"_links":{"self":[{"href":"https:\/\/connysdesign.de\/index.php?rest_route=\/wp\/v2\/pages\/57","targetHints":{"allow":["GET"]}}],"collection":[{"href":"https:\/\/connysdesign.de\/index.php?rest_route=\/wp\/v2\/pages"}],"about":[{"href":"https:\/\/connysdesign.de\/index.php?rest_route=\/wp\/v2\/types\/page"}],"author":[{"embeddable":true,"href":"https:\/\/connysdesign.de\/index.php?rest_route=\/wp\/v2\/users\/1"}],"replies":[{"embeddable":true,"href":"https:\/\/connysdesign.de\/index.php?rest_route=%2Fwp%2Fv2%2Fcomments&post=57"}],"version-history":[{"count":15,"href":"https:\/\/connysdesign.de\/index.php?rest_route=\/wp\/v2\/pages\/57\/revisions"}],"predecessor-version":[{"id":1025,"href":"https:\/\/connysdesign.de\/index.php?rest_route=\/wp\/v2\/pages\/57\/revisions\/1025"}],"wp:attachment":[{"href":"https:\/\/connysdesign.de\/index.php?rest_route=%2Fwp%2Fv2%2Fmedia&parent=57"}],"curies":[{"name":"wp","href":"https:\/\/api.w.org\/{rel}","templated":true}]}}