{"id":558,"date":"2018-01-21T14:41:33","date_gmt":"2018-01-21T13:41:33","guid":{"rendered":"https:\/\/connysdesign.de\/?page_id=558"},"modified":"2025-09-10T13:08:18","modified_gmt":"2025-09-10T11:08:18","slug":"leistungen-2","status":"publish","type":"page","link":"https:\/\/connysdesign.de\/?page_id=558","title":{"rendered":"Leistungen"},"content":{"rendered":"<h5><a href=\"https:\/\/connysdesign.de\/?page_id=10\">Webdesign<\/a><\/h5>\n<h5><a href=\"https:\/\/connysdesign.de\/?page_id=541\">Schreibservice<\/a><\/h5>\n<h5><a href=\"https:\/\/connysdesign.de\/?page_id=553\">Bewerbungen<\/a><\/h5>\n<h5><a href=\"https:\/\/connysdesign.de\/?page_id=214\">Referenzen<\/a><\/h5>\n<h5><a href=\"https:\/\/connysdesign.de\/?page_id=625\">Gedichte<\/a><\/h5>\n<h5><a href=\"https:\/\/connysdesign.de\/?page_id=849\">Gedicht lesen<\/a><\/h5>\n<h5><a href=\"https:\/\/connysdesign.de\/?page_id=699\">Gedichte h\u00f6ren<\/a><\/h5>\n<h5><a href=\"https:\/\/connysdesign.de\/?page_id=654\">Aquarelle &amp; Zeichnungen<\/a><\/h5>\n<h5><a href=\"https:\/\/www.bod.de\/buchshop\/catalogsearch\/result\/?q=Cornelia+Rinne\">B\u00fccher &amp; E-BOoks<\/a><\/h5>\n<hr \/>\n<p>Die Qualit\u00e4t der Arbeit wird sichergestellt durch Optimierung der Dienstleistung im Rahmen der Zusammenarbeit in einem einerseits aus Auftraggebern und andererseits kooperierenden Dienstleistern bestehenden Netzwerk.<\/p>\n<p>Aus der regelrechten Erf\u00fcllung gestellter Anforderungen resultiert ein klar erkennbarer Mehrwert der Dienstleistung durch Steigerung der Effizienz und Wettbewerbsf\u00e4higkeit der Kunden.<\/p>\n<p>Ziel ist es, dem Kunden eine Auswahl passender Angebote zur Umsetzung seines Auftrags vorzuschlagen.<\/p>\n<p>Die Chancen hierf\u00fcr werden durch weitgehende Konzentration auf den Kundenbedarf und fachliche Teilsegmente der Dienstleistungspalette verst\u00e4rkt.<\/p>\n<p>In der Vorauswahl erfolgt eine Zusammenf\u00fchrung der Zielvorstellungen des Auftraggebers.<\/p>\n<p>Eine bedarfsgerechte Kundenberatung wird gew\u00e4hrleistet.<\/p>\n<p>Die Gew\u00e4hrleistung kontinuierlicher kunden- und prozessorientierter Weiterentwicklung und Verbesserung der Dienstleistungsprodukte erfordert qualit\u00e4tsbewusstes Denken und Handeln sowie klare Aufgabenstellungen.<\/p>\n<p>Im Mittelpunkt steht der Dienstleistungsauftrag vor dem Hintergrund der Erstellung klarer Anforderungsprofile und fortdauernder Transparenz des Bearbeitungsprozesses f\u00fcr den Auftraggeber.<\/p>\n","protected":false},"excerpt":{"rendered":"<p>Webdesign Schreibservice Bewerbungen Referenzen Gedichte Gedicht lesen Gedichte h\u00f6ren Aquarelle &amp; Zeichnungen B\u00fccher &amp; E-BOoks Die Qualit\u00e4t der Arbeit wird sichergestellt durch Optimierung der Dienstleistung im Rahmen der Zusammenarbeit in einem einerseits aus Auftraggebern und andererseits kooperierenden Dienstleistern bestehenden Netzwerk. Aus der regelrechten Erf\u00fcllung gestellter Anforderungen resultiert ein klar erkennbarer Mehrwert der Dienstleistung durch Steigerung &hellip; <\/p>\n<p class=\"link-more\"><a href=\"https:\/\/connysdesign.de\/?page_id=558\" class=\"more-link\"><span class=\"screen-reader-text\">\u201eLeistungen\u201c<\/span> weiterlesen<\/a><\/p>\n","protected":false},"author":1,"featured_media":0,"parent":0,"menu_order":0,"comment_status":"closed","ping_status":"closed","template":"","meta":{"footnotes":""},"class_list":["post-558","page","type-page","status-publish","hentry"],"yoast_head":"<!-- This site is optimized with the Yoast SEO plugin v27.0 - https:\/\/yoast.com\/product\/yoast-seo-wordpress\/ -->\n<title>Leistungen - Connys Webdesign<\/title>\n<meta name=\"robots\" content=\"index, follow, max-snippet:-1, max-image-preview:large, max-video-preview:-1\" \/>\n<link rel=\"canonical\" href=\"https:\/\/connysdesign.de\/?page_id=558\" \/>\n<meta property=\"og:locale\" content=\"de_DE\" \/>\n<meta property=\"og:type\" content=\"article\" \/>\n<meta property=\"og:title\" content=\"Leistungen - Connys Webdesign\" \/>\n<meta property=\"og:description\" content=\"Webdesign Schreibservice Bewerbungen Referenzen Gedichte Gedicht lesen Gedichte h\u00f6ren Aquarelle &amp; Zeichnungen B\u00fccher &amp; E-BOoks Die Qualit\u00e4t der Arbeit wird sichergestellt durch Optimierung der Dienstleistung im Rahmen der Zusammenarbeit in einem einerseits aus Auftraggebern und andererseits kooperierenden Dienstleistern bestehenden Netzwerk. Aus der regelrechten Erf\u00fcllung gestellter Anforderungen resultiert ein klar erkennbarer Mehrwert der Dienstleistung durch Steigerung &hellip; \u201eLeistungen\u201c weiterlesen\" \/>\n<meta property=\"og:url\" content=\"https:\/\/connysdesign.de\/?page_id=558\" \/>\n<meta property=\"og:site_name\" content=\"Connys Webdesign\" \/>\n<meta property=\"article:publisher\" content=\"https:\/\/www.facebook.com\/?ref=tn_tnmn\" \/>\n<meta property=\"article:modified_time\" content=\"2025-09-10T11:08:18+00:00\" \/>\n<meta name=\"twitter:card\" content=\"summary_large_image\" \/>\n<meta name=\"twitter:label1\" content=\"Gesch\u00e4tzte Lesezeit\" \/>\n\t<meta name=\"twitter:data1\" content=\"1\u00a0Minute\" \/>\n<script type=\"application\/ld+json\" class=\"yoast-schema-graph\">{\"@context\":\"https:\/\/schema.org\",\"@graph\":[{\"@type\":\"WebPage\",\"@id\":\"https:\/\/connysdesign.de\/?page_id=558\",\"url\":\"https:\/\/connysdesign.de\/?page_id=558\",\"name\":\"Leistungen - Connys Webdesign\",\"isPartOf\":{\"@id\":\"https:\/\/connysdesign.de\/#website\"},\"datePublished\":\"2018-01-21T13:41:33+00:00\",\"dateModified\":\"2025-09-10T11:08:18+00:00\",\"breadcrumb\":{\"@id\":\"https:\/\/connysdesign.de\/?page_id=558#breadcrumb\"},\"inLanguage\":\"de\",\"potentialAction\":[{\"@type\":\"ReadAction\",\"target\":[\"https:\/\/connysdesign.de\/?page_id=558\"]}]},{\"@type\":\"BreadcrumbList\",\"@id\":\"https:\/\/connysdesign.de\/?page_id=558#breadcrumb\",\"itemListElement\":[{\"@type\":\"ListItem\",\"position\":1,\"name\":\"Startseite\",\"item\":\"https:\/\/connysdesign.de\/\"},{\"@type\":\"ListItem\",\"position\":2,\"name\":\"Leistungen\"}]},{\"@type\":\"WebSite\",\"@id\":\"https:\/\/connysdesign.de\/#website\",\"url\":\"https:\/\/connysdesign.de\/\",\"name\":\"Connys Webdesign\",\"description\":\"Homepage modern und schnell\",\"publisher\":{\"@id\":\"https:\/\/connysdesign.de\/#organization\"},\"potentialAction\":[{\"@type\":\"SearchAction\",\"target\":{\"@type\":\"EntryPoint\",\"urlTemplate\":\"https:\/\/connysdesign.de\/?s={search_term_string}\"},\"query-input\":{\"@type\":\"PropertyValueSpecification\",\"valueRequired\":true,\"valueName\":\"search_term_string\"}}],\"inLanguage\":\"de\"},{\"@type\":\"Organization\",\"@id\":\"https:\/\/connysdesign.de\/#organization\",\"name\":\"Connys Webdesign\",\"url\":\"https:\/\/connysdesign.de\/\",\"logo\":{\"@type\":\"ImageObject\",\"inLanguage\":\"de\",\"@id\":\"https:\/\/connysdesign.de\/#\/schema\/logo\/image\/\",\"url\":\"https:\/\/connysdesign.de\/wp-content\/uploads\/2017\/04\/customer_app.jpg\",\"contentUrl\":\"https:\/\/connysdesign.de\/wp-content\/uploads\/2017\/04\/customer_app.jpg\",\"width\":554,\"height\":554,\"caption\":\"Connys Webdesign\"},\"image\":{\"@id\":\"https:\/\/connysdesign.de\/#\/schema\/logo\/image\/\"},\"sameAs\":[\"https:\/\/www.facebook.com\/?ref=tn_tnmn\"]}]}<\/script>\n<!-- \/ Yoast SEO plugin. -->","yoast_head_json":{"title":"Leistungen - Connys Webdesign","robots":{"index":"index","follow":"follow","max-snippet":"max-snippet:-1","max-image-preview":"max-image-preview:large","max-video-preview":"max-video-preview:-1"},"canonical":"https:\/\/connysdesign.de\/?page_id=558","og_locale":"de_DE","og_type":"article","og_title":"Leistungen - Connys Webdesign","og_description":"Webdesign Schreibservice Bewerbungen Referenzen Gedichte Gedicht lesen Gedichte h\u00f6ren Aquarelle &amp; Zeichnungen B\u00fccher &amp; E-BOoks Die Qualit\u00e4t der Arbeit wird sichergestellt durch Optimierung der Dienstleistung im Rahmen der Zusammenarbeit in einem einerseits aus Auftraggebern und andererseits kooperierenden Dienstleistern bestehenden Netzwerk. Aus der regelrechten Erf\u00fcllung gestellter Anforderungen resultiert ein klar erkennbarer Mehrwert der Dienstleistung durch Steigerung &hellip; \u201eLeistungen\u201c weiterlesen","og_url":"https:\/\/connysdesign.de\/?page_id=558","og_site_name":"Connys Webdesign","article_publisher":"https:\/\/www.facebook.com\/?ref=tn_tnmn","article_modified_time":"2025-09-10T11:08:18+00:00","twitter_card":"summary_large_image","twitter_misc":{"Gesch\u00e4tzte Lesezeit":"1\u00a0Minute"},"schema":{"@context":"https:\/\/schema.org","@graph":[{"@type":"WebPage","@id":"https:\/\/connysdesign.de\/?page_id=558","url":"https:\/\/connysdesign.de\/?page_id=558","name":"Leistungen - Connys Webdesign","isPartOf":{"@id":"https:\/\/connysdesign.de\/#website"},"datePublished":"2018-01-21T13:41:33+00:00","dateModified":"2025-09-10T11:08:18+00:00","breadcrumb":{"@id":"https:\/\/connysdesign.de\/?page_id=558#breadcrumb"},"inLanguage":"de","potentialAction":[{"@type":"ReadAction","target":["https:\/\/connysdesign.de\/?page_id=558"]}]},{"@type":"BreadcrumbList","@id":"https:\/\/connysdesign.de\/?page_id=558#breadcrumb","itemListElement":[{"@type":"ListItem","position":1,"name":"Startseite","item":"https:\/\/connysdesign.de\/"},{"@type":"ListItem","position":2,"name":"Leistungen"}]},{"@type":"WebSite","@id":"https:\/\/connysdesign.de\/#website","url":"https:\/\/connysdesign.de\/","name":"Connys Webdesign","description":"Homepage modern und schnell","publisher":{"@id":"https:\/\/connysdesign.de\/#organization"},"potentialAction":[{"@type":"SearchAction","target":{"@type":"EntryPoint","urlTemplate":"https:\/\/connysdesign.de\/?s={search_term_string}"},"query-input":{"@type":"PropertyValueSpecification","valueRequired":true,"valueName":"search_term_string"}}],"inLanguage":"de"},{"@type":"Organization","@id":"https:\/\/connysdesign.de\/#organization","name":"Connys Webdesign","url":"https:\/\/connysdesign.de\/","logo":{"@type":"ImageObject","inLanguage":"de","@id":"https:\/\/connysdesign.de\/#\/schema\/logo\/image\/","url":"https:\/\/connysdesign.de\/wp-content\/uploads\/2017\/04\/customer_app.jpg","contentUrl":"https:\/\/connysdesign.de\/wp-content\/uploads\/2017\/04\/customer_app.jpg","width":554,"height":554,"caption":"Connys Webdesign"},"image":{"@id":"https:\/\/connysdesign.de\/#\/schema\/logo\/image\/"},"sameAs":["https:\/\/www.facebook.com\/?ref=tn_tnmn"]}]}},"_links":{"self":[{"href":"https:\/\/connysdesign.de\/index.php?rest_route=\/wp\/v2\/pages\/558","targetHints":{"allow":["GET"]}}],"collection":[{"href":"https:\/\/connysdesign.de\/index.php?rest_route=\/wp\/v2\/pages"}],"about":[{"href":"https:\/\/connysdesign.de\/index.php?rest_route=\/wp\/v2\/types\/page"}],"author":[{"embeddable":true,"href":"https:\/\/connysdesign.de\/index.php?rest_route=\/wp\/v2\/users\/1"}],"replies":[{"embeddable":true,"href":"https:\/\/connysdesign.de\/index.php?rest_route=%2Fwp%2Fv2%2Fcomments&post=558"}],"version-history":[{"count":19,"href":"https:\/\/connysdesign.de\/index.php?rest_route=\/wp\/v2\/pages\/558\/revisions"}],"predecessor-version":[{"id":1826,"href":"https:\/\/connysdesign.de\/index.php?rest_route=\/wp\/v2\/pages\/558\/revisions\/1826"}],"wp:attachment":[{"href":"https:\/\/connysdesign.de\/index.php?rest_route=%2Fwp%2Fv2%2Fmedia&parent=558"}],"curies":[{"name":"wp","href":"https:\/\/api.w.org\/{rel}","templated":true}]}}