{"id":541,"date":"2018-01-21T13:48:15","date_gmt":"2018-01-21T12:48:15","guid":{"rendered":"https:\/\/connysdesign.de\/?page_id=541"},"modified":"2025-09-19T15:23:55","modified_gmt":"2025-09-19T13:23:55","slug":"schreibservice","status":"publish","type":"page","link":"https:\/\/connysdesign.de\/?page_id=541","title":{"rendered":"Schreibservice"},"content":{"rendered":"<p>Seit 1992 unterhalte ich diese Dienstleistung in Worms.<\/p>\n<p>Kundenwunsch und individuelle Umsetzung sind das Ziel.<\/p>\n<p>Ich arbeite schnell und zuverl\u00e4ssig.<\/p>\n<p>Die Preise orientieren sich am Auftrag.<\/p>\n<p><em>Textverarbeitung<\/em> und <em>Textbearbeitung<\/em> im Kundenauftrag umfassen die kompetente und zuverl\u00e4ssige Erstellung von Texten aller Art, die Korrektur vorhandener Texte sowie deren \u00dcberarbeitung nach Ausdruck, Stil und Lesefluss, ebenso Logik- und Verst\u00e4ndnispr\u00fcfung.<\/p>\n<p>Auch <em>Tabellenerstellung<\/em> und <em>Grafiken<\/em> sowie <em>Werbetexte<\/em>, <em>Prospekte<\/em> und <em>Pr\u00e4sentationen<\/em>, daneben <em>Layoutdienste<\/em>, Erstellung von <em>Druckvorlagen<\/em>, <em>Internetservice<\/em> und <em>Datentransfer<\/em> geh\u00f6ren zum Angebot.<\/p>\n<p>Ein Schreibb\u00fcro im Wandel der Zeit \u2026 Vor einem Jahrzehnt ging es noch darum, Gedanken nach Diktat oder Vorlage formsch\u00f6n und fristgerecht zu Papier zu bringen und bei der Ausgestaltung der Texte zu beraten.<\/p>\n<p>Die fortschreitende Technologie erm\u00f6glicht den Kunden zunehmend Eigenst\u00e4ndigkeit in der Bew\u00e4ltigung von Schriftgut. Fr\u00fcher hat die Schreibdienstleistung schriftliche Meterware produziert. Heute schreibt der Kunde diese Dinge selbst und die Schreibdienstleistung befasst sich danach mit Styling und gibt grafische Hilfestellung.<\/p>\n<p>Aus reiner Textverarbeitung schriftlicher Meterware ist weitgehend ergebnisorientierte Textbearbeitung geworden.<\/p>\n<h5>Examensarbeiten<\/h5>\n<p>Vorlagenerfassung und\/oder Formatierung<br \/>\nKorrektur von Orthografie und Interpunktion<br \/>\nEinpassung von Grafiken etc.<\/p>\n<h5>Werbetexte<\/h5>\n<p><em>Projektstudie<\/em><br \/>\nF\u00fcr wen arbeite ich?<\/p>\n<p><em>Konzeption<\/em><br \/>\nWer ist die Zielgruppe?<\/p>\n<p><em>Kreativit\u00e4t<\/em><br \/>\nWelches Know-how passt?<\/p>\n<p><a href=\"https:\/\/www.connysdesign.de\/pdf\/flyer.pdf\" target=\"_blank\" rel=\"noopener\">FLYER<\/a><\/p>\n<p><a href=\"https:\/\/www.connysdesign.de\/pdf\/cv.pdf\" target=\"_blank\" rel=\"noopener\">CV<\/a><\/p>\n","protected":false},"excerpt":{"rendered":"<p>Seit 1992 unterhalte ich diese Dienstleistung in Worms. Kundenwunsch und individuelle Umsetzung sind das Ziel. Ich arbeite schnell und zuverl\u00e4ssig. Die Preise orientieren sich am Auftrag. Textverarbeitung und Textbearbeitung im Kundenauftrag umfassen die kompetente und zuverl\u00e4ssige Erstellung von Texten aller Art, die Korrektur vorhandener Texte sowie deren \u00dcberarbeitung nach Ausdruck, Stil und Lesefluss, ebenso Logik- &hellip; <\/p>\n<p class=\"link-more\"><a href=\"https:\/\/connysdesign.de\/?page_id=541\" class=\"more-link\"><span class=\"screen-reader-text\">\u201eSchreibservice\u201c<\/span> weiterlesen<\/a><\/p>\n","protected":false},"author":1,"featured_media":0,"parent":0,"menu_order":0,"comment_status":"closed","ping_status":"closed","template":"","meta":{"footnotes":""},"class_list":["post-541","page","type-page","status-publish","hentry"],"yoast_head":"<!-- This site is optimized with the Yoast SEO plugin v27.0 - https:\/\/yoast.com\/product\/yoast-seo-wordpress\/ -->\n<title>Schreibservice - Connys Webdesign<\/title>\n<meta name=\"robots\" content=\"index, follow, max-snippet:-1, max-image-preview:large, max-video-preview:-1\" \/>\n<link rel=\"canonical\" href=\"https:\/\/connysdesign.de\/?page_id=541\" \/>\n<meta property=\"og:locale\" content=\"de_DE\" \/>\n<meta property=\"og:type\" content=\"article\" \/>\n<meta property=\"og:title\" content=\"Schreibservice - Connys Webdesign\" \/>\n<meta property=\"og:description\" content=\"Seit 1992 unterhalte ich diese Dienstleistung in Worms. Kundenwunsch und individuelle Umsetzung sind das Ziel. Ich arbeite schnell und zuverl\u00e4ssig. Die Preise orientieren sich am Auftrag. Textverarbeitung und Textbearbeitung im Kundenauftrag umfassen die kompetente und zuverl\u00e4ssige Erstellung von Texten aller Art, die Korrektur vorhandener Texte sowie deren \u00dcberarbeitung nach Ausdruck, Stil und Lesefluss, ebenso Logik- &hellip; \u201eSchreibservice\u201c weiterlesen\" \/>\n<meta property=\"og:url\" content=\"https:\/\/connysdesign.de\/?page_id=541\" \/>\n<meta property=\"og:site_name\" content=\"Connys Webdesign\" \/>\n<meta property=\"article:publisher\" content=\"https:\/\/www.facebook.com\/?ref=tn_tnmn\" \/>\n<meta property=\"article:modified_time\" content=\"2025-09-19T13:23:55+00:00\" \/>\n<meta name=\"twitter:card\" content=\"summary_large_image\" \/>\n<meta name=\"twitter:label1\" content=\"Gesch\u00e4tzte Lesezeit\" \/>\n\t<meta name=\"twitter:data1\" content=\"2\u00a0Minuten\" \/>\n<script type=\"application\/ld+json\" class=\"yoast-schema-graph\">{\"@context\":\"https:\/\/schema.org\",\"@graph\":[{\"@type\":\"WebPage\",\"@id\":\"https:\/\/connysdesign.de\/?page_id=541\",\"url\":\"https:\/\/connysdesign.de\/?page_id=541\",\"name\":\"Schreibservice - Connys Webdesign\",\"isPartOf\":{\"@id\":\"https:\/\/connysdesign.de\/#website\"},\"datePublished\":\"2018-01-21T12:48:15+00:00\",\"dateModified\":\"2025-09-19T13:23:55+00:00\",\"breadcrumb\":{\"@id\":\"https:\/\/connysdesign.de\/?page_id=541#breadcrumb\"},\"inLanguage\":\"de\",\"potentialAction\":[{\"@type\":\"ReadAction\",\"target\":[\"https:\/\/connysdesign.de\/?page_id=541\"]}]},{\"@type\":\"BreadcrumbList\",\"@id\":\"https:\/\/connysdesign.de\/?page_id=541#breadcrumb\",\"itemListElement\":[{\"@type\":\"ListItem\",\"position\":1,\"name\":\"Startseite\",\"item\":\"https:\/\/connysdesign.de\/\"},{\"@type\":\"ListItem\",\"position\":2,\"name\":\"Schreibservice\"}]},{\"@type\":\"WebSite\",\"@id\":\"https:\/\/connysdesign.de\/#website\",\"url\":\"https:\/\/connysdesign.de\/\",\"name\":\"Connys Webdesign\",\"description\":\"Homepage modern und schnell\",\"publisher\":{\"@id\":\"https:\/\/connysdesign.de\/#organization\"},\"potentialAction\":[{\"@type\":\"SearchAction\",\"target\":{\"@type\":\"EntryPoint\",\"urlTemplate\":\"https:\/\/connysdesign.de\/?s={search_term_string}\"},\"query-input\":{\"@type\":\"PropertyValueSpecification\",\"valueRequired\":true,\"valueName\":\"search_term_string\"}}],\"inLanguage\":\"de\"},{\"@type\":\"Organization\",\"@id\":\"https:\/\/connysdesign.de\/#organization\",\"name\":\"Connys Webdesign\",\"url\":\"https:\/\/connysdesign.de\/\",\"logo\":{\"@type\":\"ImageObject\",\"inLanguage\":\"de\",\"@id\":\"https:\/\/connysdesign.de\/#\/schema\/logo\/image\/\",\"url\":\"https:\/\/connysdesign.de\/wp-content\/uploads\/2017\/04\/customer_app.jpg\",\"contentUrl\":\"https:\/\/connysdesign.de\/wp-content\/uploads\/2017\/04\/customer_app.jpg\",\"width\":554,\"height\":554,\"caption\":\"Connys Webdesign\"},\"image\":{\"@id\":\"https:\/\/connysdesign.de\/#\/schema\/logo\/image\/\"},\"sameAs\":[\"https:\/\/www.facebook.com\/?ref=tn_tnmn\"]}]}<\/script>\n<!-- \/ Yoast SEO plugin. -->","yoast_head_json":{"title":"Schreibservice - Connys Webdesign","robots":{"index":"index","follow":"follow","max-snippet":"max-snippet:-1","max-image-preview":"max-image-preview:large","max-video-preview":"max-video-preview:-1"},"canonical":"https:\/\/connysdesign.de\/?page_id=541","og_locale":"de_DE","og_type":"article","og_title":"Schreibservice - Connys Webdesign","og_description":"Seit 1992 unterhalte ich diese Dienstleistung in Worms. Kundenwunsch und individuelle Umsetzung sind das Ziel. Ich arbeite schnell und zuverl\u00e4ssig. Die Preise orientieren sich am Auftrag. Textverarbeitung und Textbearbeitung im Kundenauftrag umfassen die kompetente und zuverl\u00e4ssige Erstellung von Texten aller Art, die Korrektur vorhandener Texte sowie deren \u00dcberarbeitung nach Ausdruck, Stil und Lesefluss, ebenso Logik- &hellip; \u201eSchreibservice\u201c weiterlesen","og_url":"https:\/\/connysdesign.de\/?page_id=541","og_site_name":"Connys Webdesign","article_publisher":"https:\/\/www.facebook.com\/?ref=tn_tnmn","article_modified_time":"2025-09-19T13:23:55+00:00","twitter_card":"summary_large_image","twitter_misc":{"Gesch\u00e4tzte Lesezeit":"2\u00a0Minuten"},"schema":{"@context":"https:\/\/schema.org","@graph":[{"@type":"WebPage","@id":"https:\/\/connysdesign.de\/?page_id=541","url":"https:\/\/connysdesign.de\/?page_id=541","name":"Schreibservice - Connys Webdesign","isPartOf":{"@id":"https:\/\/connysdesign.de\/#website"},"datePublished":"2018-01-21T12:48:15+00:00","dateModified":"2025-09-19T13:23:55+00:00","breadcrumb":{"@id":"https:\/\/connysdesign.de\/?page_id=541#breadcrumb"},"inLanguage":"de","potentialAction":[{"@type":"ReadAction","target":["https:\/\/connysdesign.de\/?page_id=541"]}]},{"@type":"BreadcrumbList","@id":"https:\/\/connysdesign.de\/?page_id=541#breadcrumb","itemListElement":[{"@type":"ListItem","position":1,"name":"Startseite","item":"https:\/\/connysdesign.de\/"},{"@type":"ListItem","position":2,"name":"Schreibservice"}]},{"@type":"WebSite","@id":"https:\/\/connysdesign.de\/#website","url":"https:\/\/connysdesign.de\/","name":"Connys Webdesign","description":"Homepage modern und schnell","publisher":{"@id":"https:\/\/connysdesign.de\/#organization"},"potentialAction":[{"@type":"SearchAction","target":{"@type":"EntryPoint","urlTemplate":"https:\/\/connysdesign.de\/?s={search_term_string}"},"query-input":{"@type":"PropertyValueSpecification","valueRequired":true,"valueName":"search_term_string"}}],"inLanguage":"de"},{"@type":"Organization","@id":"https:\/\/connysdesign.de\/#organization","name":"Connys Webdesign","url":"https:\/\/connysdesign.de\/","logo":{"@type":"ImageObject","inLanguage":"de","@id":"https:\/\/connysdesign.de\/#\/schema\/logo\/image\/","url":"https:\/\/connysdesign.de\/wp-content\/uploads\/2017\/04\/customer_app.jpg","contentUrl":"https:\/\/connysdesign.de\/wp-content\/uploads\/2017\/04\/customer_app.jpg","width":554,"height":554,"caption":"Connys Webdesign"},"image":{"@id":"https:\/\/connysdesign.de\/#\/schema\/logo\/image\/"},"sameAs":["https:\/\/www.facebook.com\/?ref=tn_tnmn"]}]}},"_links":{"self":[{"href":"https:\/\/connysdesign.de\/index.php?rest_route=\/wp\/v2\/pages\/541","targetHints":{"allow":["GET"]}}],"collection":[{"href":"https:\/\/connysdesign.de\/index.php?rest_route=\/wp\/v2\/pages"}],"about":[{"href":"https:\/\/connysdesign.de\/index.php?rest_route=\/wp\/v2\/types\/page"}],"author":[{"embeddable":true,"href":"https:\/\/connysdesign.de\/index.php?rest_route=\/wp\/v2\/users\/1"}],"replies":[{"embeddable":true,"href":"https:\/\/connysdesign.de\/index.php?rest_route=%2Fwp%2Fv2%2Fcomments&post=541"}],"version-history":[{"count":20,"href":"https:\/\/connysdesign.de\/index.php?rest_route=\/wp\/v2\/pages\/541\/revisions"}],"predecessor-version":[{"id":1868,"href":"https:\/\/connysdesign.de\/index.php?rest_route=\/wp\/v2\/pages\/541\/revisions\/1868"}],"wp:attachment":[{"href":"https:\/\/connysdesign.de\/index.php?rest_route=%2Fwp%2Fv2%2Fmedia&parent=541"}],"curies":[{"name":"wp","href":"https:\/\/api.w.org\/{rel}","templated":true}]}}